{"id":984,"date":"2019-06-06T14:21:14","date_gmt":"2019-06-06T13:21:14","guid":{"rendered":"http:\/\/www.leckel.de\/www.leckel.de\/?page_id=984"},"modified":"2020-09-07T14:43:00","modified_gmt":"2020-09-07T13:43:00","slug":"carbon-vanes","status":"publish","type":"page","link":"https:\/\/www.leckel.de\/de\/carbon-vanes\/","title":{"rendered":"Kohleschieber"},"content":{"rendered":"<p><img loading=\"lazy\" class=\"wp-image-983 alignright\" src=\"https:\/\/www.leckel.de\/wp-content\/uploads\/2019\/06\/Kohleschieber-e1559827122628.jpg\" alt=\"\" width=\"274\" height=\"365\" \/>Die Kohleschieber sollten regelm\u00e4\u00dfig mit einem Messschieber kontrolliert werden. Die Pr\u00fcfintervalle und die minimale Breite der Kohleschieber entnehmen Sie bitte der Bedienungsanleitung.<\/p>","protected":false},"excerpt":{"rendered":"<p>Die Kohleschieber sollten regelm\u00e4\u00dfig mit einem Messschieber kontrolliert werden. Die Pr\u00fcfintervalle und die minimale Breite der Kohleschieber entnehmen Sie bitte der Bedienungsanleitung.<\/p>\n","protected":false},"author":1,"featured_media":0,"parent":0,"menu_order":0,"comment_status":"closed","ping_status":"closed","template":"","meta":[],"_links":{"self":[{"href":"https:\/\/www.leckel.de\/de\/wp-json\/wp\/v2\/pages\/984"}],"collection":[{"href":"https:\/\/www.leckel.de\/de\/wp-json\/wp\/v2\/pages"}],"about":[{"href":"https:\/\/www.leckel.de\/de\/wp-json\/wp\/v2\/types\/page"}],"author":[{"embeddable":true,"href":"https:\/\/www.leckel.de\/de\/wp-json\/wp\/v2\/users\/1"}],"replies":[{"embeddable":true,"href":"https:\/\/www.leckel.de\/de\/wp-json\/wp\/v2\/comments?post=984"}],"version-history":[{"count":20,"href":"https:\/\/www.leckel.de\/de\/wp-json\/wp\/v2\/pages\/984\/revisions"}],"predecessor-version":[{"id":1931,"href":"https:\/\/www.leckel.de\/de\/wp-json\/wp\/v2\/pages\/984\/revisions\/1931"}],"wp:attachment":[{"href":"https:\/\/www.leckel.de\/de\/wp-json\/wp\/v2\/media?parent=984"}],"curies":[{"name":"wp","href":"https:\/\/api.w.org\/{rel}","templated":true}]}}