{"id":941,"date":"2019-05-01T18:06:19","date_gmt":"2019-05-01T17:06:19","guid":{"rendered":"http:\/\/www.leckel.de\/www.leckel.de\/?page_id=941"},"modified":"2020-03-28T20:37:20","modified_gmt":"2020-03-28T19:37:20","slug":"ldc-app","status":"publish","type":"page","link":"https:\/\/www.leckel.de\/de\/ldc-app\/","title":{"rendered":"LDC App"},"content":{"rendered":"<p><span style=\"font-size: 1rem;\"><span style=\"font-size: 1rem;\"><img loading=\"lazy\" class=\"wp-image-962 alignright\" src=\"http:\/\/www.leckel.de\/wp-content\/uploads\/2019\/05\/IMG_1992.jpg\" alt=\"\" width=\"243\" height=\"324\" srcset=\"https:\/\/www.leckel.de\/wp-content\/uploads\/2019\/05\/IMG_1992.jpg 2736w, https:\/\/www.leckel.de\/wp-content\/uploads\/2019\/05\/IMG_1992-225x300.jpg 225w, https:\/\/www.leckel.de\/wp-content\/uploads\/2019\/05\/IMG_1992-768x1024.jpg 768w\" sizes=\"(max-width: 243px) 100vw, 243px\" \/>Die Leckel Device Control (LDC) App ist eine kostenlose Software f\u00fcr Android smartphones \/ Tablets, um das Sammlerger\u00e4t komplett fernzusteuern. Als Benutzer erhalten Sie kostenlos Ihren eigenen\u00a0 account f\u00fcr <\/span><a style=\"font-size: 1rem;\" href=\"http:\/\/www.leckel-cloud.de\/\">www.leckel-cloud.de<\/a><span style=\"font-size: 1rem;\">. S\u00e4mtliche Messwerte werden f\u00fcr jedes Ger\u00e4t alle f\u00fcnf Minuten oder einmal pro Minute automatisch hinterlegt und gespeichert.\u00a0\u00a0<\/span><\/span><\/p>\n<p>Diese Anwendung setzt ein Android Smartphone\/Tablet mit Internetzugang voraus.<\/p>","protected":false},"excerpt":{"rendered":"<p>Die Leckel Device Control (LDC) App ist eine kostenlose Software f\u00fcr Android smartphones \/ Tablets, um das Sammlerger\u00e4t komplett fernzusteuern. Als Benutzer erhalten Sie kostenlos Ihren eigenen\u00a0 account f\u00fcr www.leckel-cloud.de. S\u00e4mtliche Messwerte werden f\u00fcr jedes Ger\u00e4t alle f\u00fcnf Minuten oder einmal pro Minute automatisch hinterlegt und gespeichert.\u00a0\u00a0 Diese Anwendung setzt ein Android Smartphone\/Tablet mit Internetzugang &hellip; <\/p>\n<p class=\"link-more\"><a href=\"https:\/\/www.leckel.de\/de\/ldc-app\/\" class=\"more-link\"><span class=\"screen-reader-text\">\u201eLDC App\u201c<\/span> weiterlesen<\/a><\/p>\n","protected":false},"author":1,"featured_media":0,"parent":0,"menu_order":0,"comment_status":"closed","ping_status":"closed","template":"","meta":[],"_links":{"self":[{"href":"https:\/\/www.leckel.de\/de\/wp-json\/wp\/v2\/pages\/941"}],"collection":[{"href":"https:\/\/www.leckel.de\/de\/wp-json\/wp\/v2\/pages"}],"about":[{"href":"https:\/\/www.leckel.de\/de\/wp-json\/wp\/v2\/types\/page"}],"author":[{"embeddable":true,"href":"https:\/\/www.leckel.de\/de\/wp-json\/wp\/v2\/users\/1"}],"replies":[{"embeddable":true,"href":"https:\/\/www.leckel.de\/de\/wp-json\/wp\/v2\/comments?post=941"}],"version-history":[{"count":26,"href":"https:\/\/www.leckel.de\/de\/wp-json\/wp\/v2\/pages\/941\/revisions"}],"predecessor-version":[{"id":1877,"href":"https:\/\/www.leckel.de\/de\/wp-json\/wp\/v2\/pages\/941\/revisions\/1877"}],"wp:attachment":[{"href":"https:\/\/www.leckel.de\/de\/wp-json\/wp\/v2\/media?parent=941"}],"curies":[{"name":"wp","href":"https:\/\/api.w.org\/{rel}","templated":true}]}}