{"id":931,"date":"2019-05-01T17:16:42","date_gmt":"2019-05-01T16:16:42","guid":{"rendered":"http:\/\/www.leckel.de\/www.leckel.de\/?page_id=931"},"modified":"2020-03-28T20:35:45","modified_gmt":"2020-03-28T19:35:45","slug":"gsm-modem","status":"publish","type":"page","link":"https:\/\/www.leckel.de\/de\/gsm-modem\/","title":{"rendered":"GSM Modem"},"content":{"rendered":"<p><img loading=\"lazy\" class=\"wp-image-966 alignright\" src=\"http:\/\/www.leckel.de\/wp-content\/uploads\/2019\/05\/GSM.jpg\" alt=\"\" width=\"289\" height=\"386\" srcset=\"https:\/\/www.leckel.de\/wp-content\/uploads\/2019\/05\/GSM.jpg 2736w, https:\/\/www.leckel.de\/wp-content\/uploads\/2019\/05\/GSM-225x300.jpg 225w, https:\/\/www.leckel.de\/wp-content\/uploads\/2019\/05\/GSM-768x1024.jpg 768w\" sizes=\"(max-width: 289px) 100vw, 289px\" \/>Durch den Einbau eines\u00a0 GSM Modems werden Sie per SMS \u00fcber den Status der Probenahme informiert. Das kann zum Beispiel die Information zum momentan bestaubten Filter, ein verstopftes Filter, eine Unterbrechung der Probenahme oder auch ein Wechselfehler sein. Unsere Software StatusView f\u00fcr Windows erm\u00f6glicht das Downloaden der momentanen Messwerte sowie der letzten Messergebnisse. F\u00fcr diese Anwendung ist keine Internetanbindung erforderlich.<\/p>","protected":false},"excerpt":{"rendered":"<p>Durch den Einbau eines\u00a0 GSM Modems werden Sie per SMS \u00fcber den Status der Probenahme informiert. Das kann zum Beispiel die Information zum momentan bestaubten Filter, ein verstopftes Filter, eine Unterbrechung der Probenahme oder auch ein Wechselfehler sein. Unsere Software StatusView f\u00fcr Windows erm\u00f6glicht das Downloaden der momentanen Messwerte sowie der letzten Messergebnisse. F\u00fcr diese &hellip; <\/p>\n<p class=\"link-more\"><a href=\"https:\/\/www.leckel.de\/de\/gsm-modem\/\" class=\"more-link\"><span class=\"screen-reader-text\">\u201eGSM Modem\u201c<\/span> weiterlesen<\/a><\/p>\n","protected":false},"author":1,"featured_media":0,"parent":0,"menu_order":0,"comment_status":"closed","ping_status":"closed","template":"","meta":[],"_links":{"self":[{"href":"https:\/\/www.leckel.de\/de\/wp-json\/wp\/v2\/pages\/931"}],"collection":[{"href":"https:\/\/www.leckel.de\/de\/wp-json\/wp\/v2\/pages"}],"about":[{"href":"https:\/\/www.leckel.de\/de\/wp-json\/wp\/v2\/types\/page"}],"author":[{"embeddable":true,"href":"https:\/\/www.leckel.de\/de\/wp-json\/wp\/v2\/users\/1"}],"replies":[{"embeddable":true,"href":"https:\/\/www.leckel.de\/de\/wp-json\/wp\/v2\/comments?post=931"}],"version-history":[{"count":11,"href":"https:\/\/www.leckel.de\/de\/wp-json\/wp\/v2\/pages\/931\/revisions"}],"predecessor-version":[{"id":1874,"href":"https:\/\/www.leckel.de\/de\/wp-json\/wp\/v2\/pages\/931\/revisions\/1874"}],"wp:attachment":[{"href":"https:\/\/www.leckel.de\/de\/wp-json\/wp\/v2\/media?parent=931"}],"curies":[{"name":"wp","href":"https:\/\/api.w.org\/{rel}","templated":true}]}}