{"id":843,"date":"2019-04-05T09:38:33","date_gmt":"2019-04-05T08:38:33","guid":{"rendered":"http:\/\/www.leckel.de\/www.leckel.de\/?page_id=843"},"modified":"2019-09-19T14:56:43","modified_gmt":"2019-09-19T13:56:43","slug":"privacy-policy","status":"publish","type":"page","link":"https:\/\/www.leckel.de\/de\/privacy-policy\/","title":{"rendered":"Datenschutz"},"content":{"rendered":"<p>Datenschutzerkl\u00e4rung<\/p>\n<p>1) Verantwortliche Stelle und Kontakt<\/p>\n<p>Verantwortliche Stelle im Sinne der Datenschutzgesetze, insbesondere der\u00a0 EU-Datenschutzgrundverordnung ist<\/p>\n<p>&nbsp;<\/p>\n<p>Sven Leckel Ingenieurb\u00fcro GmbH<\/p>\n<p>Wilhelm-Kabus-Stra\u00dfe 72,<\/p>\n<p>Naumannpark Haus 34.2,<\/p>\n<p>10829 Berlin, Deutschland<\/p>\n<p>email:\u00a0<a href=\"mailto:info@leckel.de\">info@leckel.de<\/a><\/p>\n<p>Gesch\u00e4ftsf\u00fchrer: Sven Leckel<\/p>\n<p>&nbsp;<\/p>\n<p>2) Ihre Rechte<\/p>\n<p>Unter den angegebenen Kontaktdaten k\u00f6nnen Sie jederzeit folgende Rechte aus\u00fcben:<\/p>\n<p>&#8211; Auskunft \u00fcber Ihre bei uns gespeicherten Daten und deren Verarbeitung<\/p>\n<p>&#8211; Berichtigung unrichtiger personenbezogener Daten<\/p>\n<p>&#8211; L\u00f6schung Ihrer bei uns gespeicherten Daten, sofern nicht gesetzliche Aufbewahrungspflichten entgegenstehen<\/p>\n<p>&#8211; Einschr\u00e4nkung der Verarbeitung Ihrer personenbezogenen Daten<\/p>\n<p>&#8211; Widerspruch gegen die Verarbeitung Ihrer Daten bei uns<\/p>\n<p>Sofern Sie uns eine Einwilligung erteilt haben, k\u00f6nnen Sie diese jederzeit mit Wirkung f\u00fcr die Zukunft widerrufen.<\/p>\n<p>Sie k\u00f6nnen sich jederzeit mit einer Beschwerde an die f\u00fcr Sie zust\u00e4ndige Aufsichtsbeh\u00f6rde wenden. Ihre zust\u00e4ndige Aufsichtsbeh\u00f6rde richtet sich<\/p>\n<p>nach dem Bundesland Ihres Wohnsitzes, Ihrer Arbeit oder der mutma\u00dflichen Verletzung.<\/p>\n<p>&nbsp;<\/p>\n<p>3) Zwecke der Datenverarbeitung<\/p>\n<p>Wir verarbeiten Ihre personenbezogenen Daten nur zu den hier von uns\u00a0 genannten Zwecken.<\/p>\n<p>Eine Weitergabe Ihrer pers\u00f6nlichen Daten an Dritte findet nur statt wenn<\/p>\n<p>&#8211; Sie uns hierzu Ihre ausdr\u00fcckliche Einwilligung erteilt haben oder<\/p>\n<p>&#8211; die Weitergabe zur Abwicklung eines Vertrages mit Ihnen erforderlich ist (z.B. im Falle einer Versandlieferung an den Paketdienst) oder<\/p>\n<p>&#8211; die Verarbeitung zur Erf\u00fcllung einer rechtlichen Verpflichtung n\u00f6tig ist oder<\/p>\n<p>&#8211; die Verarbeitung zur Wahrung berechtigter Interessen erforderlich ist und kein Grund zur Annahme besteht, dass Sie ein \u00fcberwiegendes schutzw\u00fcrdiges Interesse an der Nichtweitergabe Ihrer Daten haben.<\/p>\n<p>&nbsp;<\/p>\n<p>4) L\u00f6schung der Daten<\/p>\n<p>Wir speichern Ihre personenbezogenen Daten so lange, wie dies zur Erreichung der hier genannten Zwecke erforderlich ist und wie es die gesetzlichen Vorschriften vorschreiben, dies sind insbesondere<\/p>\n<p>&#8211; f\u00fcr steuerlich relevante Daten: 11 Jahre<\/p>\n<p>&#8211; f\u00fcr allgemeine Kontakte (Handelsbriefe): 6 Jahre<\/p>\n<p>Anschliessend l\u00f6schen wir die Daten.<\/p>\n<p>&nbsp;<\/p>\n<p>5) Erfassung von Informationen beim Besuch unserer Website<\/p>\n<p>Wenn Sie unsere Website (www.leckel.de) besuchen, werden Informationen allgemeiner Natur von uns bzw. unserem Dienstleister erfasst (sog. Server-Logfiles). Dies sind beispielsweise die Art Ihres Webbrowsers, das verwendete Betriebssystem, der Domainname Ihres Providers, Ihre IP-Adresse und \u00e4hnliches. Diese Informationen sind zwingend notwendig, um die von Ihnen angeforderten Webseiten korrekt auszuliefern und werden zu folgenden Zwecken verarbeitet:<\/p>\n<p>&#8211; Sicherstellung einer reibungslosen Nutzung unserer Website<\/p>\n<p>&#8211; Auswertung der Systemsicherheit und -stabilit\u00e4t<\/p>\n<p>&#8211; Administrative Zwecke<\/p>\n<p>Diese Daten werden nicht verwendet um R\u00fcckschl\u00fcsse auf Ihre Person zu ziehen. Empf\u00e4nger dieser Daten sind nur die verantwortliche Stelle und unsere Auftragsverarbeiter. Solche anonymen Informationen werden von uns ggf. statistisch ausgewertet um unsere Website und die dahinterstehende Technik zu optimieren.<\/p>\n<p>&nbsp;<\/p>\n<p>6) Cookies<\/p>\n<p>Wir verwenden Cookies (kleine Textdateien, die vom Websiteserver auf Ihre Festplatte \u00fcbertragen werden) um Ihnen die Navigation zu erleichtern<\/p>\n<p>und die korrekte Anzeige unserer Webseiten zu erm\u00f6glichen. In keinem Fall geben wir die den Cookies erfassten Daten an Dritte weiter oder verkn\u00fcpfen Sie mit Ihren personenbezogenen Daten. Grunds\u00e4tzlich k\u00f6nnen Sie unsere Website auch ohne Cookies betrachten, die Verwendung von Cookies k\u00f6nnen Sie in Ihrem Browser deaktivieren. Bitte beachten Sie, dass in diesem Fall einzelne Funktionen unserer Website nicht korrekt funktionieren.<\/p>\n<p>&nbsp;<\/p>\n<p>7) Kontakt- bzw. Anfrageformular sowie Email-Kontakte<\/p>\n<p>Wenn Sie das ausgef\u00fcllte Kontakt- oder Anfrageformular an uns absenden oder uns eine allgemeine Email senden, erteilen Sie uns Ihre freiwilige Einwilligung zur Verwendung Ihrer Daten zum Zwecke der Bearbeitung Ihres Anliegens. Hierzu ist die Angabe einer validen Email-Adresse erforderlich, die Angabe weiterer Daten ist optional.Die von Ihnen gemachten Angaben werden zum Zwecke der Bearbeitung Ihres Anliegens sowie f\u00fcr m\u00f6gliche Anschlussfragen gespeichert und nach Ablauf der gesetzlichen Aufbewahrungsfristen gel\u00f6scht. Diese Daten werden nicht an Dritte weitergegeben.<\/p>\n<p>&nbsp;<\/p>\n<p>8) Bestellungen<\/p>\n<p>Im Falle einer Bestellung werden folgende Daten erfasst und von uns \u00fcbertragen:<\/p>\n<p>&#8211; Ihr Name (erforderlich)<\/p>\n<p>&#8211; Ihre Adresse (erforderlich bei Versandauftr\u00e4gen, sonst optional)<\/p>\n<p>&#8211; Name und Adresse einer ggf. abweichenden Lieferadresse<\/p>\n<p>&#8211; Telefon- und Faxnummer(n) (optional)<\/p>\n<p>&#8211; Ihre email-Adresse (erforderlich)<\/p>\n<p>&#8211; Ihre Kundennummer (optional)<\/p>\n<p>Diese Daten werden von uns zur Abwicklung des Auftrages und ggf. erforderlicher R\u00fcckfragen verwendet und nur an Dritte weitergegeben, so weit dies zur Abwicklung erforderlich ist. Die L\u00f6schung erfolgt nach Ablauf der gesetzlichen Aufbewahrungsfristen.<\/p>\n<p>&nbsp;<\/p>\n<p>9) Speicherorte<\/p>\n<p>Von Ihne erhobene pers\u00f6nliche Daten werden von uns und unseren Auftragsverarbeitern nur auf Servern mit Standort in Deutschland gespeichert. Ausgenommen<\/p>\n<p>hiervon sind lediglich Daten, die wir im Rahmen von Paketversendungen an den von Ihnen gew\u00e4hlten Paketdienstleister \u00fcbermitteln m\u00fcssen, die Speicherung dieser Daten erfolgt ggf. an dem Standort, den der Dienstleister hierf\u00fcr einsetzt.<\/p>\n<p>&nbsp;<\/p>\n<p>10) \u00c4nderung unserer Datenschutzbestimmungen<\/p>\n<p>Wir behalten uns vor, diese Datenschutzerkl\u00e4rung an aktuelle rechtliche Anforderungen oder \u00c4nderungen unserer Leistungen anzupassen. F\u00fcr Ihren erneuten Besuch gilt dann die Datenschutzerkl\u00e4rung in ihrer jeweils aktuellen Version.<\/p>\n<p>Stand: 4.6.2018<\/p>","protected":false},"excerpt":{"rendered":"<p>Datenschutzerkl\u00e4rung 1) Verantwortliche Stelle und Kontakt Verantwortliche Stelle im Sinne der Datenschutzgesetze, insbesondere der\u00a0 EU-Datenschutzgrundverordnung ist &nbsp; Sven Leckel Ingenieurb\u00fcro GmbH Wilhelm-Kabus-Stra\u00dfe 72, Naumannpark Haus 34.2, 10829 Berlin, Deutschland email:\u00a0info@leckel.de Gesch\u00e4ftsf\u00fchrer: Sven Leckel &nbsp; 2) Ihre Rechte Unter den angegebenen Kontaktdaten k\u00f6nnen Sie jederzeit folgende Rechte aus\u00fcben: &#8211; Auskunft \u00fcber Ihre bei uns gespeicherten Daten &hellip; <\/p>\n<p class=\"link-more\"><a href=\"https:\/\/www.leckel.de\/de\/privacy-policy\/\" class=\"more-link\"><span class=\"screen-reader-text\">\u201eDatenschutz\u201c<\/span> weiterlesen<\/a><\/p>\n","protected":false},"author":1,"featured_media":0,"parent":0,"menu_order":0,"comment_status":"closed","ping_status":"closed","template":"","meta":[],"_links":{"self":[{"href":"https:\/\/www.leckel.de\/de\/wp-json\/wp\/v2\/pages\/843"}],"collection":[{"href":"https:\/\/www.leckel.de\/de\/wp-json\/wp\/v2\/pages"}],"about":[{"href":"https:\/\/www.leckel.de\/de\/wp-json\/wp\/v2\/types\/page"}],"author":[{"embeddable":true,"href":"https:\/\/www.leckel.de\/de\/wp-json\/wp\/v2\/users\/1"}],"replies":[{"embeddable":true,"href":"https:\/\/www.leckel.de\/de\/wp-json\/wp\/v2\/comments?post=843"}],"version-history":[{"count":6,"href":"https:\/\/www.leckel.de\/de\/wp-json\/wp\/v2\/pages\/843\/revisions"}],"predecessor-version":[{"id":1284,"href":"https:\/\/www.leckel.de\/de\/wp-json\/wp\/v2\/pages\/843\/revisions\/1284"}],"wp:attachment":[{"href":"https:\/\/www.leckel.de\/de\/wp-json\/wp\/v2\/media?parent=843"}],"curies":[{"name":"wp","href":"https:\/\/api.w.org\/{rel}","templated":true}]}}