{"id":81,"date":"2017-09-23T22:23:32","date_gmt":"2017-09-23T22:23:32","guid":{"rendered":"http:\/\/www.leckel.de\/www.leckel.de\/?page_id=81"},"modified":"2019-02-22T23:52:22","modified_gmt":"2019-02-22T22:52:22","slug":"legal-notice","status":"publish","type":"page","link":"https:\/\/www.leckel.de\/de\/legal-notice\/","title":{"rendered":"Impressum"},"content":{"rendered":"<p><strong>Firma<\/strong><br \/>\nSven Leckel Ingenieurb\u00fcro GmbH<\/p>\n<p><strong>Gesch\u00e4ftsf\u00fchrer<\/strong><br \/>\nDipl.-Ing. Sven Leckel<\/p>\n<p><strong>Kontaktdaten<\/strong><br \/>\nWilhelm-Kabus-Sra\u00dfe 72, Naumannpark Haus 34.2, 10829 Berlin, Germany<br \/>\nTel. +49 (0) 30 78 95 50 11<br \/>\nFax +49 (0) 30 78 95 50 12<\/p>\n<p><strong>E-Mail<\/strong><br \/>\ninfo@leckel.de<\/p>\n<p><strong>Handelsregister<\/strong><br \/>\nAmtsgericht Charlottenburg HRB 82537<\/p>\n<p><strong>Umsatzsteuer-identifikationsnummer<\/strong><br \/>\nDE813270837<\/p>","protected":false},"excerpt":{"rendered":"<p>Firma Sven Leckel Ingenieurb\u00fcro GmbH Gesch\u00e4ftsf\u00fchrer Dipl.-Ing. Sven Leckel Kontaktdaten Wilhelm-Kabus-Sra\u00dfe 72, Naumannpark Haus 34.2, 10829 Berlin, Germany Tel. +49 (0) 30 78 95 50 11 Fax +49 (0) 30 78 95 50 12 E-Mail info@leckel.de Handelsregister Amtsgericht Charlottenburg HRB 82537 Umsatzsteuer-identifikationsnummer DE813270837<\/p>\n","protected":false},"author":1,"featured_media":0,"parent":0,"menu_order":0,"comment_status":"closed","ping_status":"closed","template":"","meta":[],"_links":{"self":[{"href":"https:\/\/www.leckel.de\/de\/wp-json\/wp\/v2\/pages\/81"}],"collection":[{"href":"https:\/\/www.leckel.de\/de\/wp-json\/wp\/v2\/pages"}],"about":[{"href":"https:\/\/www.leckel.de\/de\/wp-json\/wp\/v2\/types\/page"}],"author":[{"embeddable":true,"href":"https:\/\/www.leckel.de\/de\/wp-json\/wp\/v2\/users\/1"}],"replies":[{"embeddable":true,"href":"https:\/\/www.leckel.de\/de\/wp-json\/wp\/v2\/comments?post=81"}],"version-history":[{"count":4,"href":"https:\/\/www.leckel.de\/de\/wp-json\/wp\/v2\/pages\/81\/revisions"}],"predecessor-version":[{"id":381,"href":"https:\/\/www.leckel.de\/de\/wp-json\/wp\/v2\/pages\/81\/revisions\/381"}],"wp:attachment":[{"href":"https:\/\/www.leckel.de\/de\/wp-json\/wp\/v2\/media?parent=81"}],"curies":[{"name":"wp","href":"https:\/\/api.w.org\/{rel}","templated":true}]}}