{"id":59,"date":"2017-09-23T21:36:57","date_gmt":"2017-09-23T21:36:57","guid":{"rendered":"http:\/\/www.leckel.de\/www.leckel.de\/?page_id=59"},"modified":"2020-03-28T20:41:33","modified_gmt":"2020-03-28T19:41:33","slug":"pmx-inlet-kfg","status":"publish","type":"page","link":"https:\/\/www.leckel.de\/de\/inlets\/for-lvs3-mvs6\/pmx-inlet-kfg\/","title":{"rendered":"PMX-PNK KFG"},"content":{"rendered":"<p><\/p>\n<ul>\n<li><img loading=\"lazy\" class=\"size-medium wp-image-454 alignright\" src=\"http:\/\/www.leckel.de\/wp-content\/uploads\/2019\/02\/pmx-pnk-kfg-200x300.png\" alt=\"\" width=\"200\" height=\"300\" srcset=\"https:\/\/www.leckel.de\/wp-content\/uploads\/2019\/02\/pmx-pnk-kfg-200x300.png 200w, https:\/\/www.leckel.de\/wp-content\/uploads\/2019\/02\/pmx-pnk-kfg.png 207w\" sizes=\"(max-width: 200px) 100vw, 200px\" \/>Impaktor-Probenahmekopf mit austauschbaren D\u00fcsen<br \/>\n( 1 Satz jeweils 8 St\u00fcck) f\u00fcr PM10-PM4,0-PM2,5-PM1,0<\/li>\n<li>Konstante Luftdurchs\u00e4tze von 3,0-2,3-1,0 Betriebs -m\u00b3\/h<\/li>\n<li>PM10-und PM2,5-Standard-Referenz-Probenahmekopf<br \/>\ngem\u00e4\u00df CEN EN 12341 (Luftdurchsatz 2,3m\u00b3\/h)<\/li>\n<li>Messen von Ru\u00df\/EC\/OC und Schwermetallen<br \/>\ngem\u00e4\u00df CEN EN 14902<\/li>\n<li>Austauschbare Impaktionsplatte<\/li>\n<li>Vertiefung f\u00fcr Kondensat unter der Impaktionsplatte<\/li>\n<li>Filterkassetten f\u00fcr Filterdurchmesser von 47 mm<br \/>\nund 50 mm<\/li>\n<li>Externe Anordnung des Probenahmekopfes m\u00f6glich<\/li>\n<\/ul>\n<p><\/p>","protected":false},"excerpt":{"rendered":"<p>Impaktor-Probenahmekopf mit austauschbaren D\u00fcsen ( 1 Satz jeweils 8 St\u00fcck) f\u00fcr PM10-PM4,0-PM2,5-PM1,0 Konstante Luftdurchs\u00e4tze von 3,0-2,3-1,0 Betriebs -m\u00b3\/h PM10-und PM2,5-Standard-Referenz-Probenahmekopf gem\u00e4\u00df CEN EN 12341 (Luftdurchsatz 2,3m\u00b3\/h) Messen von Ru\u00df\/EC\/OC und Schwermetallen gem\u00e4\u00df CEN EN 14902 Austauschbare Impaktionsplatte Vertiefung f\u00fcr Kondensat unter der Impaktionsplatte Filterkassetten f\u00fcr Filterdurchmesser von 47 mm und 50 mm Externe Anordnung des &hellip; <\/p>\n<p class=\"link-more\"><a href=\"https:\/\/www.leckel.de\/de\/inlets\/for-lvs3-mvs6\/pmx-inlet-kfg\/\" class=\"more-link\"><span class=\"screen-reader-text\">\u201ePMX-PNK KFG\u201c<\/span> weiterlesen<\/a><\/p>\n","protected":false},"author":1,"featured_media":0,"parent":55,"menu_order":0,"comment_status":"closed","ping_status":"closed","template":"","meta":[],"_links":{"self":[{"href":"https:\/\/www.leckel.de\/de\/wp-json\/wp\/v2\/pages\/59"}],"collection":[{"href":"https:\/\/www.leckel.de\/de\/wp-json\/wp\/v2\/pages"}],"about":[{"href":"https:\/\/www.leckel.de\/de\/wp-json\/wp\/v2\/types\/page"}],"author":[{"embeddable":true,"href":"https:\/\/www.leckel.de\/de\/wp-json\/wp\/v2\/users\/1"}],"replies":[{"embeddable":true,"href":"https:\/\/www.leckel.de\/de\/wp-json\/wp\/v2\/comments?post=59"}],"version-history":[{"count":39,"href":"https:\/\/www.leckel.de\/de\/wp-json\/wp\/v2\/pages\/59\/revisions"}],"predecessor-version":[{"id":1879,"href":"https:\/\/www.leckel.de\/de\/wp-json\/wp\/v2\/pages\/59\/revisions\/1879"}],"up":[{"embeddable":true,"href":"https:\/\/www.leckel.de\/de\/wp-json\/wp\/v2\/pages\/55"}],"wp:attachment":[{"href":"https:\/\/www.leckel.de\/de\/wp-json\/wp\/v2\/media?parent=59"}],"curies":[{"name":"wp","href":"https:\/\/api.w.org\/{rel}","templated":true}]}}