{"id":57,"date":"2017-09-23T21:36:04","date_gmt":"2017-09-23T21:36:04","guid":{"rendered":"http:\/\/www.leckel.de\/www.leckel.de\/?page_id=57"},"modified":"2020-03-28T20:40:50","modified_gmt":"2020-03-28T19:40:50","slug":"bio-inlet-kfg","status":"publish","type":"page","link":"https:\/\/www.leckel.de\/de\/inlets\/for-lvs3-mvs6\/bio-inlet-kfg\/","title":{"rendered":"BIO-PNK KFG"},"content":{"rendered":"<p><\/p>\n<ul>\n<li><img loading=\"lazy\" class=\"size-medium wp-image-450 alignright\" src=\"http:\/\/www.leckel.de\/wp-content\/uploads\/2019\/02\/bio-pnk-kfg-200x300.png\" alt=\"\" width=\"200\" height=\"300\" srcset=\"https:\/\/www.leckel.de\/wp-content\/uploads\/2019\/02\/bio-pnk-kfg-200x300.png 200w, https:\/\/www.leckel.de\/wp-content\/uploads\/2019\/02\/bio-pnk-kfg.png 207w\" sizes=\"(max-width: 200px) 100vw, 200px\" \/>TSP-Probenahmekopf f\u00fcr Bio-Aerosole gem\u00e4\u00df VDI 4252-2<\/li>\n<li>H\u00e4ngende Anordnung, gebogenes Absaugrohr<\/li>\n<li>Filter direkt an der Au\u00dfenluft<\/li>\n<li>Luftdurchsatz 3 Betriebs -m\u00b3\/h<\/li>\n<li>Filterdurchmesser 80 mm<\/li>\n<li>F\u00fcr die Probenahme von Bio-Aerosolen sind sterile Filter<br \/>\nund sterile Einweg-Filterhalter einzusetzen<\/li>\n<\/ul>\n<p><\/p>","protected":false},"excerpt":{"rendered":"<p>TSP-Probenahmekopf f\u00fcr Bio-Aerosole gem\u00e4\u00df VDI 4252-2 H\u00e4ngende Anordnung, gebogenes Absaugrohr Filter direkt an der Au\u00dfenluft Luftdurchsatz 3 Betriebs -m\u00b3\/h Filterdurchmesser 80 mm F\u00fcr die Probenahme von Bio-Aerosolen sind sterile Filter und sterile Einweg-Filterhalter einzusetzen<\/p>\n","protected":false},"author":1,"featured_media":0,"parent":55,"menu_order":0,"comment_status":"closed","ping_status":"closed","template":"","meta":[],"_links":{"self":[{"href":"https:\/\/www.leckel.de\/de\/wp-json\/wp\/v2\/pages\/57"}],"collection":[{"href":"https:\/\/www.leckel.de\/de\/wp-json\/wp\/v2\/pages"}],"about":[{"href":"https:\/\/www.leckel.de\/de\/wp-json\/wp\/v2\/types\/page"}],"author":[{"embeddable":true,"href":"https:\/\/www.leckel.de\/de\/wp-json\/wp\/v2\/users\/1"}],"replies":[{"embeddable":true,"href":"https:\/\/www.leckel.de\/de\/wp-json\/wp\/v2\/comments?post=57"}],"version-history":[{"count":17,"href":"https:\/\/www.leckel.de\/de\/wp-json\/wp\/v2\/pages\/57\/revisions"}],"predecessor-version":[{"id":1878,"href":"https:\/\/www.leckel.de\/de\/wp-json\/wp\/v2\/pages\/57\/revisions\/1878"}],"up":[{"embeddable":true,"href":"https:\/\/www.leckel.de\/de\/wp-json\/wp\/v2\/pages\/55"}],"wp:attachment":[{"href":"https:\/\/www.leckel.de\/de\/wp-json\/wp\/v2\/media?parent=57"}],"curies":[{"name":"wp","href":"https:\/\/api.w.org\/{rel}","templated":true}]}}