{"id":417,"date":"2019-02-20T12:44:36","date_gmt":"2019-02-20T11:44:36","guid":{"rendered":"http:\/\/www.leckel.de\/www.leckel.de\/?page_id=417"},"modified":"2020-03-28T20:45:43","modified_gmt":"2020-03-28T19:45:43","slug":"pmx-inlet-station","status":"publish","type":"page","link":"https:\/\/www.leckel.de\/de\/inlets\/for-automatic-devices\/pmx-inlet-station\/","title":{"rendered":"PMX-PNK STATION"},"content":{"rendered":"<p><\/p>\n<ul>\n<li><img loading=\"lazy\" class=\"size-medium wp-image-435 alignright\" src=\"http:\/\/www.leckel.de\/wp-content\/uploads\/2019\/02\/pmx-pnk-st-200x300.png\" alt=\"\" width=\"200\" height=\"300\" srcset=\"https:\/\/www.leckel.de\/wp-content\/uploads\/2019\/02\/pmx-pnk-st-200x300.png 200w, https:\/\/www.leckel.de\/wp-content\/uploads\/2019\/02\/pmx-pnk-st.png 207w\" sizes=\"(max-width: 200px) 100vw, 200px\" \/>PMX-Probenahmekopf ohne integriertes Filter f\u00fcr Stationsger\u00e4te<br \/>\nwie TEOM, Beta-Ger\u00e4te und andere<\/li>\n<li>Impaktor mit austauschbaren D\u00fcsen (1 Satz jeweils 8 St\u00fcck) f\u00fcr<br \/>\nPM10 &#8211; PM2,5 &#8211; PM1,0<\/li>\n<li>Konstante Luftdurchs\u00e4tze von 2,3 und 1,0 Betriebs -m\u00b3\/h<\/li>\n<li>Austauschbarer Impaktionsplatte<\/li>\n<li>Probenahmekopf ausger\u00fcstet mit Drainage-Flasche<\/li>\n<li>Adapter mit Steckverbindung f\u00fcr Probenahmerohre (Durchmesser von 16 mm bis zu 15 inch, auch Schraubverbindungen)<\/li>\n<\/ul>\n<p><\/p>","protected":false},"excerpt":{"rendered":"<p>PMX-Probenahmekopf ohne integriertes Filter f\u00fcr Stationsger\u00e4te wie TEOM, Beta-Ger\u00e4te und andere Impaktor mit austauschbaren D\u00fcsen (1 Satz jeweils 8 St\u00fcck) f\u00fcr PM10 &#8211; PM2,5 &#8211; PM1,0 Konstante Luftdurchs\u00e4tze von 2,3 und 1,0 Betriebs -m\u00b3\/h Austauschbarer Impaktionsplatte Probenahmekopf ausger\u00fcstet mit Drainage-Flasche Adapter mit Steckverbindung f\u00fcr Probenahmerohre (Durchmesser von 16 mm bis zu 15 inch, auch Schraubverbindungen)<\/p>\n","protected":false},"author":1,"featured_media":0,"parent":415,"menu_order":0,"comment_status":"closed","ping_status":"closed","template":"","meta":[],"_links":{"self":[{"href":"https:\/\/www.leckel.de\/de\/wp-json\/wp\/v2\/pages\/417"}],"collection":[{"href":"https:\/\/www.leckel.de\/de\/wp-json\/wp\/v2\/pages"}],"about":[{"href":"https:\/\/www.leckel.de\/de\/wp-json\/wp\/v2\/types\/page"}],"author":[{"embeddable":true,"href":"https:\/\/www.leckel.de\/de\/wp-json\/wp\/v2\/users\/1"}],"replies":[{"embeddable":true,"href":"https:\/\/www.leckel.de\/de\/wp-json\/wp\/v2\/comments?post=417"}],"version-history":[{"count":17,"href":"https:\/\/www.leckel.de\/de\/wp-json\/wp\/v2\/pages\/417\/revisions"}],"predecessor-version":[{"id":1890,"href":"https:\/\/www.leckel.de\/de\/wp-json\/wp\/v2\/pages\/417\/revisions\/1890"}],"up":[{"embeddable":true,"href":"https:\/\/www.leckel.de\/de\/wp-json\/wp\/v2\/pages\/415"}],"wp:attachment":[{"href":"https:\/\/www.leckel.de\/de\/wp-json\/wp\/v2\/media?parent=417"}],"curies":[{"name":"wp","href":"https:\/\/api.w.org\/{rel}","templated":true}]}}