{"id":415,"date":"2019-02-20T12:42:42","date_gmt":"2019-02-20T11:42:42","guid":{"rendered":"http:\/\/www.leckel.de\/www.leckel.de\/?page_id=415"},"modified":"2019-08-15T07:46:59","modified_gmt":"2019-08-15T06:46:59","slug":"for-automatic-devices","status":"publish","type":"page","link":"https:\/\/www.leckel.de\/de\/inlets\/for-automatic-devices\/","title":{"rendered":"Probenahmek\u00f6pfe f\u00fcr automatische Ger\u00e4te"},"content":{"rendered":"<p><\/p>\n<ul>\n<li>PMX-PNK STATION<\/li>\n<\/ul>\n<p><\/p>","protected":false},"excerpt":{"rendered":"<p>PMX-PNK STATION<\/p>\n","protected":false},"author":1,"featured_media":0,"parent":53,"menu_order":0,"comment_status":"closed","ping_status":"closed","template":"","meta":[],"_links":{"self":[{"href":"https:\/\/www.leckel.de\/de\/wp-json\/wp\/v2\/pages\/415"}],"collection":[{"href":"https:\/\/www.leckel.de\/de\/wp-json\/wp\/v2\/pages"}],"about":[{"href":"https:\/\/www.leckel.de\/de\/wp-json\/wp\/v2\/types\/page"}],"author":[{"embeddable":true,"href":"https:\/\/www.leckel.de\/de\/wp-json\/wp\/v2\/users\/1"}],"replies":[{"embeddable":true,"href":"https:\/\/www.leckel.de\/de\/wp-json\/wp\/v2\/comments?post=415"}],"version-history":[{"count":3,"href":"https:\/\/www.leckel.de\/de\/wp-json\/wp\/v2\/pages\/415\/revisions"}],"predecessor-version":[{"id":1169,"href":"https:\/\/www.leckel.de\/de\/wp-json\/wp\/v2\/pages\/415\/revisions\/1169"}],"up":[{"embeddable":true,"href":"https:\/\/www.leckel.de\/de\/wp-json\/wp\/v2\/pages\/53"}],"wp:attachment":[{"href":"https:\/\/www.leckel.de\/de\/wp-json\/wp\/v2\/media?parent=415"}],"curies":[{"name":"wp","href":"https:\/\/api.w.org\/{rel}","templated":true}]}}