{"id":402,"date":"2019-02-20T11:36:15","date_gmt":"2019-02-20T10:36:15","guid":{"rendered":"http:\/\/www.leckel.de\/www.leckel.de\/?page_id=402"},"modified":"2020-03-28T20:44:59","modified_gmt":"2020-03-28T19:44:59","slug":"pmx-inlet-seq","status":"publish","type":"page","link":"https:\/\/www.leckel.de\/de\/inlets\/for-seq-47-50\/pmx-inlet-seq\/","title":{"rendered":"PMX-PNK SEQ"},"content":{"rendered":"<p><\/p>\n<ul>\n<li><img loading=\"lazy\" class=\"size-medium wp-image-432 alignright\" src=\"http:\/\/www.leckel.de\/wp-content\/uploads\/2019\/02\/pmx-pnk-seq-200x300.png\" alt=\"\" width=\"200\" height=\"300\" srcset=\"https:\/\/www.leckel.de\/wp-content\/uploads\/2019\/02\/pmx-pnk-seq-200x300.png 200w, https:\/\/www.leckel.de\/wp-content\/uploads\/2019\/02\/pmx-pnk-seq.png 207w\" sizes=\"(max-width: 200px) 100vw, 200px\" \/>Impaktor-Probenahmekopf mit auswechselbaren D\u00fcsen ( 1 Satz jeweils 8 St\u00fcck) f\u00fcr PM10-PM4,0-PM2,5-PM1,0<\/li>\n<li>Konstante Luftdurchs\u00e4tze von wahlweise<br \/>\n3,0-2,3-1,0 Betriebs -m\u00b3\/h<\/li>\n<li>PM10- und PM2,5-Standard-Referenz-Probenahmekopf gem\u00e4\u00df<br \/>\nCEN EN 12341 (Luftdurchsatz 2,3 m\u00b3\/h)<\/li>\n<li>Messen von Schwermetallen gem\u00e4\u00df<br \/>\nCEN EN 14902<\/li>\n<li>Austauschbare Impaktionsplatte<\/li>\n<li>Vertiefung f\u00fcr Kondensat unter der Impaktionsplatte<\/li>\n<li>Option: Drainage-Flasche<\/li>\n<\/ul>\n<p><\/p>","protected":false},"excerpt":{"rendered":"<p>Impaktor-Probenahmekopf mit auswechselbaren D\u00fcsen ( 1 Satz jeweils 8 St\u00fcck) f\u00fcr PM10-PM4,0-PM2,5-PM1,0 Konstante Luftdurchs\u00e4tze von wahlweise 3,0-2,3-1,0 Betriebs -m\u00b3\/h PM10- und PM2,5-Standard-Referenz-Probenahmekopf gem\u00e4\u00df CEN EN 12341 (Luftdurchsatz 2,3 m\u00b3\/h) Messen von Schwermetallen gem\u00e4\u00df CEN EN 14902 Austauschbare Impaktionsplatte Vertiefung f\u00fcr Kondensat unter der Impaktionsplatte Option: Drainage-Flasche<\/p>\n","protected":false},"author":1,"featured_media":0,"parent":396,"menu_order":0,"comment_status":"closed","ping_status":"closed","template":"","meta":[],"_links":{"self":[{"href":"https:\/\/www.leckel.de\/de\/wp-json\/wp\/v2\/pages\/402"}],"collection":[{"href":"https:\/\/www.leckel.de\/de\/wp-json\/wp\/v2\/pages"}],"about":[{"href":"https:\/\/www.leckel.de\/de\/wp-json\/wp\/v2\/types\/page"}],"author":[{"embeddable":true,"href":"https:\/\/www.leckel.de\/de\/wp-json\/wp\/v2\/users\/1"}],"replies":[{"embeddable":true,"href":"https:\/\/www.leckel.de\/de\/wp-json\/wp\/v2\/comments?post=402"}],"version-history":[{"count":27,"href":"https:\/\/www.leckel.de\/de\/wp-json\/wp\/v2\/pages\/402\/revisions"}],"predecessor-version":[{"id":1888,"href":"https:\/\/www.leckel.de\/de\/wp-json\/wp\/v2\/pages\/402\/revisions\/1888"}],"up":[{"embeddable":true,"href":"https:\/\/www.leckel.de\/de\/wp-json\/wp\/v2\/pages\/396"}],"wp:attachment":[{"href":"https:\/\/www.leckel.de\/de\/wp-json\/wp\/v2\/media?parent=402"}],"curies":[{"name":"wp","href":"https:\/\/api.w.org\/{rel}","templated":true}]}}