{"id":399,"date":"2019-02-20T11:34:35","date_gmt":"2019-02-20T10:34:35","guid":{"rendered":"http:\/\/www.leckel.de\/www.leckel.de\/?page_id=399"},"modified":"2020-03-28T20:44:39","modified_gmt":"2020-03-28T19:44:39","slug":"pmx-inlet-with-scrubber-seq","status":"publish","type":"page","link":"https:\/\/www.leckel.de\/de\/inlets\/for-seq-47-50\/pmx-inlet-with-scrubber-seq\/","title":{"rendered":"PMX-PNK MIT SCRUBBER SEQ"},"content":{"rendered":"<p><\/p>\n<ul>\n<li><img loading=\"lazy\" class=\"alignnone size-medium wp-image-421 alignright\" src=\"http:\/\/www.leckel.de\/wp-content\/uploads\/2019\/02\/pmx-pnk-scr-seq-225x300.png\" alt=\"\" width=\"225\" height=\"300\" srcset=\"https:\/\/www.leckel.de\/wp-content\/uploads\/2019\/02\/pmx-pnk-scr-seq-225x300.png 225w, https:\/\/www.leckel.de\/wp-content\/uploads\/2019\/02\/pmx-pnk-scr-seq.png 233w\" sizes=\"(max-width: 225px) 100vw, 225px\" \/>Standard-Referenz-Probenahmesystem f\u00fcr BaP (und weiteren PAK) gem\u00e4\u00df<br \/>\nCEN EN 15549 und Direktive 2004\/107\/EG:<br \/>\nPM10-Vorimpaktor (CEN EN 12341) mit nachgeschaltetem<br \/>\nOzon-Scrubber<\/li>\n<li>Luftdurchsatz 2,3 Betriebs -m\u00b3\/h<\/li>\n<li>Einsatz von PM2,5- oder PM1,0 Vorimpaktoren m\u00f6glich<\/li>\n<li>Betriebsdauer des Scrubbers: ca. 1 Monat<\/li>\n<li>Auffrischung des Scrubbers bei 150\u00b0C \u00fcber ca. 8 h<\/li>\n<\/ul>\n<p><\/p>","protected":false},"excerpt":{"rendered":"<p>Standard-Referenz-Probenahmesystem f\u00fcr BaP (und weiteren PAK) gem\u00e4\u00df CEN EN 15549 und Direktive 2004\/107\/EG: PM10-Vorimpaktor (CEN EN 12341) mit nachgeschaltetem Ozon-Scrubber Luftdurchsatz 2,3 Betriebs -m\u00b3\/h Einsatz von PM2,5- oder PM1,0 Vorimpaktoren m\u00f6glich Betriebsdauer des Scrubbers: ca. 1 Monat Auffrischung des Scrubbers bei 150\u00b0C \u00fcber ca. 8 h<\/p>\n","protected":false},"author":1,"featured_media":0,"parent":396,"menu_order":0,"comment_status":"closed","ping_status":"closed","template":"","meta":[],"_links":{"self":[{"href":"https:\/\/www.leckel.de\/de\/wp-json\/wp\/v2\/pages\/399"}],"collection":[{"href":"https:\/\/www.leckel.de\/de\/wp-json\/wp\/v2\/pages"}],"about":[{"href":"https:\/\/www.leckel.de\/de\/wp-json\/wp\/v2\/types\/page"}],"author":[{"embeddable":true,"href":"https:\/\/www.leckel.de\/de\/wp-json\/wp\/v2\/users\/1"}],"replies":[{"embeddable":true,"href":"https:\/\/www.leckel.de\/de\/wp-json\/wp\/v2\/comments?post=399"}],"version-history":[{"count":23,"href":"https:\/\/www.leckel.de\/de\/wp-json\/wp\/v2\/pages\/399\/revisions"}],"predecessor-version":[{"id":1887,"href":"https:\/\/www.leckel.de\/de\/wp-json\/wp\/v2\/pages\/399\/revisions\/1887"}],"up":[{"embeddable":true,"href":"https:\/\/www.leckel.de\/de\/wp-json\/wp\/v2\/pages\/396"}],"wp:attachment":[{"href":"https:\/\/www.leckel.de\/de\/wp-json\/wp\/v2\/media?parent=399"}],"curies":[{"name":"wp","href":"https:\/\/api.w.org\/{rel}","templated":true}]}}