{"id":297,"date":"2019-02-19T17:19:54","date_gmt":"2019-02-19T16:19:54","guid":{"rendered":"http:\/\/www.leckel.de\/www.leckel.de\/?page_id=297"},"modified":"2020-03-28T20:44:16","modified_gmt":"2020-03-28T19:44:16","slug":"for-minivs","status":"publish","type":"page","link":"https:\/\/www.leckel.de\/de\/inlets\/for-minivs-2\/for-minivs\/","title":{"rendered":"PMX-PNK 25mm MINI"},"content":{"rendered":"<p><\/p>\n<ul>\n<li><img loading=\"lazy\" class=\"size-medium wp-image-447 alignright\" src=\"http:\/\/www.leckel.de\/wp-content\/uploads\/2019\/02\/pmx-pnk-mini-25-200x300.png\" alt=\"\" width=\"200\" height=\"300\" srcset=\"https:\/\/www.leckel.de\/wp-content\/uploads\/2019\/02\/pmx-pnk-mini-25-200x300.png 200w, https:\/\/www.leckel.de\/wp-content\/uploads\/2019\/02\/pmx-pnk-mini-25.png 207w\" sizes=\"(max-width: 200px) 100vw, 200px\" \/><span style=\"font-size: 1rem;\">PMX &#8211; Probenahmekopf f\u00fcr Mini-Volume-Sammelger\u00e4t<\/span><\/li>\n<li>Impaktor mit austauschbarer D\u00fcse (Einzeld\u00fcsen-Impaktor)<br \/>\nf\u00fcr PM10 oder PM2,5<\/li>\n<li>Konstanter Luftdurchsatz von 200 Betriebs -l\/h<\/li>\n<li>Messen von Ru\u00df (EC\/OC) und Schwermetallen<\/li>\n<li>Filterhalter f\u00fcr Filter mit 25 mm Durchmesser<br \/>\n(Probenahmedauer ca. 1 Woche)<\/li>\n<li>Filterhalter direkt hinter dem Impaktor<\/li>\n<li>Schlauchverbindung zum Ger\u00e4t<\/li>\n<\/ul>\n<p><\/p>","protected":false},"excerpt":{"rendered":"<p>PMX &#8211; Probenahmekopf f\u00fcr Mini-Volume-Sammelger\u00e4t Impaktor mit austauschbarer D\u00fcse (Einzeld\u00fcsen-Impaktor) f\u00fcr PM10 oder PM2,5 Konstanter Luftdurchsatz von 200 Betriebs -l\/h Messen von Ru\u00df (EC\/OC) und Schwermetallen Filterhalter f\u00fcr Filter mit 25 mm Durchmesser (Probenahmedauer ca. 1 Woche) Filterhalter direkt hinter dem Impaktor Schlauchverbindung zum Ger\u00e4t<\/p>\n","protected":false},"author":1,"featured_media":0,"parent":599,"menu_order":0,"comment_status":"closed","ping_status":"closed","template":"","meta":[],"_links":{"self":[{"href":"https:\/\/www.leckel.de\/de\/wp-json\/wp\/v2\/pages\/297"}],"collection":[{"href":"https:\/\/www.leckel.de\/de\/wp-json\/wp\/v2\/pages"}],"about":[{"href":"https:\/\/www.leckel.de\/de\/wp-json\/wp\/v2\/types\/page"}],"author":[{"embeddable":true,"href":"https:\/\/www.leckel.de\/de\/wp-json\/wp\/v2\/users\/1"}],"replies":[{"embeddable":true,"href":"https:\/\/www.leckel.de\/de\/wp-json\/wp\/v2\/comments?post=297"}],"version-history":[{"count":17,"href":"https:\/\/www.leckel.de\/de\/wp-json\/wp\/v2\/pages\/297\/revisions"}],"predecessor-version":[{"id":1886,"href":"https:\/\/www.leckel.de\/de\/wp-json\/wp\/v2\/pages\/297\/revisions\/1886"}],"up":[{"embeddable":true,"href":"https:\/\/www.leckel.de\/de\/wp-json\/wp\/v2\/pages\/599"}],"wp:attachment":[{"href":"https:\/\/www.leckel.de\/de\/wp-json\/wp\/v2\/media?parent=297"}],"curies":[{"name":"wp","href":"https:\/\/api.w.org\/{rel}","templated":true}]}}