{"id":231,"date":"2019-02-17T19:59:46","date_gmt":"2019-02-17T18:59:46","guid":{"rendered":"http:\/\/www.leckel.de\/www.leckel.de\/?page_id=231"},"modified":"2020-03-28T20:47:08","modified_gmt":"2020-03-28T19:47:08","slug":"seq4750-rv","status":"publish","type":"page","link":"https:\/\/www.leckel.de\/de\/devices\/seq4750-rv\/","title":{"rendered":"SEQ47\/50-RV"},"content":{"rendered":"<p><\/p>\n<ul>\n<li><img loading=\"lazy\" class=\"size-medium wp-image-143 alignright\" src=\"http:\/\/www.leckel.de\/wp-content\/uploads\/2017\/09\/fw47-50-201x300.png\" alt=\"\" width=\"201\" height=\"300\" srcset=\"https:\/\/www.leckel.de\/wp-content\/uploads\/2017\/09\/fw47-50-201x300.png 201w, https:\/\/www.leckel.de\/wp-content\/uploads\/2017\/09\/fw47-50.png 207w\" sizes=\"(max-width: 201px) 100vw, 201px\" \/>PM10\/PM2,5-Standard-Referenz-Probenahmeger\u00e4t gem\u00e4\u00df<br \/>\nCEN EN 12341<\/li>\n<li>Abgedeckte Filter innerhalb des Magazines f\u00fcr bestaubte Filter<\/li>\n<li>Probenahmesystem mit Schutzluft<\/li>\n<li>Temperaturmessung direkt unter dem aktuell bestaubten Filter<\/li>\n<li>Edelstahlgeh\u00e4use f\u00fcr Au\u00dfeneinsatz<\/li>\n<li>Referenz- Probenahmeger\u00e4t f\u00fcr die Messung von Schwermetallen gem\u00e4\u00df VDI 2267 und CEN EN 14902<\/li>\n<li>Impaktor-Probenahmekopf mit Scrubber f\u00fcr die Messung von PAK (BaP) gem\u00e4\u00df CEN EN 15549<\/li>\n<li>TSP-Probenahmekopf gem\u00e4\u00df VDI 2463 Bl\u00e4tter 5 und 8<\/li>\n<li>Einsatz von Filtern mit Durchmessern von 47 mm sowie 47 und 50 mm<\/li>\n<li>Bayern-Hessen-Protokoll<\/li>\n<li>Daten &#8211; Logger &#8211; Funktion auf USB-Stick<\/li>\n<li>Option: GSM-Modem mit SMS auf smartphone<\/li>\n<li>Option: Cloudbox<\/li>\n<li>Option: Fernbedienung \/\u00a0 <a href=\"http:\/\/www.leckel-cloud.de\">www.leckel-cloud.de<\/a><\/li>\n<\/ul>\n<p><\/p>","protected":false},"excerpt":{"rendered":"<p>PM10\/PM2,5-Standard-Referenz-Probenahmeger\u00e4t gem\u00e4\u00df CEN EN 12341 Abgedeckte Filter innerhalb des Magazines f\u00fcr bestaubte Filter Probenahmesystem mit Schutzluft Temperaturmessung direkt unter dem aktuell bestaubten Filter Edelstahlgeh\u00e4use f\u00fcr Au\u00dfeneinsatz Referenz- Probenahmeger\u00e4t f\u00fcr die Messung von Schwermetallen gem\u00e4\u00df VDI 2267 und CEN EN 14902 Impaktor-Probenahmekopf mit Scrubber f\u00fcr die Messung von PAK (BaP) gem\u00e4\u00df CEN EN 15549 TSP-Probenahmekopf gem\u00e4\u00df &hellip; <\/p>\n<p class=\"link-more\"><a href=\"https:\/\/www.leckel.de\/de\/devices\/seq4750-rv\/\" class=\"more-link\"><span class=\"screen-reader-text\">\u201eSEQ47\/50-RV\u201c<\/span> weiterlesen<\/a><\/p>\n","protected":false},"author":1,"featured_media":0,"parent":49,"menu_order":0,"comment_status":"closed","ping_status":"closed","template":"","meta":[],"_links":{"self":[{"href":"https:\/\/www.leckel.de\/de\/wp-json\/wp\/v2\/pages\/231"}],"collection":[{"href":"https:\/\/www.leckel.de\/de\/wp-json\/wp\/v2\/pages"}],"about":[{"href":"https:\/\/www.leckel.de\/de\/wp-json\/wp\/v2\/types\/page"}],"author":[{"embeddable":true,"href":"https:\/\/www.leckel.de\/de\/wp-json\/wp\/v2\/users\/1"}],"replies":[{"embeddable":true,"href":"https:\/\/www.leckel.de\/de\/wp-json\/wp\/v2\/comments?post=231"}],"version-history":[{"count":54,"href":"https:\/\/www.leckel.de\/de\/wp-json\/wp\/v2\/pages\/231\/revisions"}],"predecessor-version":[{"id":1894,"href":"https:\/\/www.leckel.de\/de\/wp-json\/wp\/v2\/pages\/231\/revisions\/1894"}],"up":[{"embeddable":true,"href":"https:\/\/www.leckel.de\/de\/wp-json\/wp\/v2\/pages\/49"}],"wp:attachment":[{"href":"https:\/\/www.leckel.de\/de\/wp-json\/wp\/v2\/media?parent=231"}],"curies":[{"name":"wp","href":"https:\/\/api.w.org\/{rel}","templated":true}]}}