{"id":199,"date":"2019-02-17T19:57:36","date_gmt":"2019-02-17T18:57:36","guid":{"rendered":"http:\/\/www.leckel.de\/www.leckel.de\/?page_id=199"},"modified":"2020-03-28T20:46:51","modified_gmt":"2020-03-28T19:46:51","slug":"oriflow","status":"publish","type":"page","link":"https:\/\/www.leckel.de\/de\/devices\/oriflow\/","title":{"rendered":"ORIFLOW"},"content":{"rendered":"<p><\/p>\n<ul>\n<li><img loading=\"lazy\" class=\"size-medium wp-image-523 alignright\" src=\"http:\/\/www.leckel.de\/wp-content\/uploads\/2019\/02\/ori-flow-225x300.png\" alt=\"\" width=\"225\" height=\"300\" srcset=\"https:\/\/www.leckel.de\/wp-content\/uploads\/2019\/02\/ori-flow-225x300.png 225w, https:\/\/www.leckel.de\/wp-content\/uploads\/2019\/02\/ori-flow.png 230w\" sizes=\"(max-width: 225px) 100vw, 225px\" \/>Referenz &#8211; Durchflussmessger\u00e4t f\u00fcr Probenahmeger\u00e4te<\/li>\n<li>Akku-Betrieb mit Tiefentladeschutz, Betriebsdauer: 8h, betriebsbereit auch w\u00e4hrend des Ladevorganges<\/li>\n<li>Anzeige von Betriebs- l\/min bzw. Betriebs- m\u00b3\/h, und Standard-m\u00b3\/h, Abweichung des Luftdurchsatzes des Kandidat-Ger\u00e4tes von 2,3m\u00b3\/h in Prozent, Au\u00dfenluftdruck in mbar, Au\u00dfentemperatur in \u00b0C, Druckabfall \u00fcber der Messblende in mbar und Ladezustand in Prozent<\/li>\n<li>Messbereiche 13,3 &#8211; 53,3 l\/min bzw. 0,8 &#8211; 3,2 m\u00b3\/h<br \/>\noder 30,0 &#8211; 70,0 l\/min bzw. 1,8 &#8211; 4,2 m\u00b3\/h<\/li>\n<li>Messunsicherheit:\u00a0<u>+<\/u><span style=\"font-size: 1rem;\"> &lt; 1%<\/span><\/li>\n<li>DAKKS \/ DKD Zertifikat\u00a0auf Anfrage<\/li>\n<li>direkt auf das SEQ-Ger\u00e4t aufzusetzen<\/li>\n<li>Adapter f\u00fcr andere Ger\u00e4te auf Anfrage<\/li>\n<li>Android-App auf Anfrage<\/li>\n<\/ul>\n<p><\/p>","protected":false},"excerpt":{"rendered":"<p>Referenz &#8211; Durchflussmessger\u00e4t f\u00fcr Probenahmeger\u00e4te Akku-Betrieb mit Tiefentladeschutz, Betriebsdauer: 8h, betriebsbereit auch w\u00e4hrend des Ladevorganges Anzeige von Betriebs- l\/min bzw. Betriebs- m\u00b3\/h, und Standard-m\u00b3\/h, Abweichung des Luftdurchsatzes des Kandidat-Ger\u00e4tes von 2,3m\u00b3\/h in Prozent, Au\u00dfenluftdruck in mbar, Au\u00dfentemperatur in \u00b0C, Druckabfall \u00fcber der Messblende in mbar und Ladezustand in Prozent Messbereiche 13,3 &#8211; 53,3 l\/min bzw. &hellip; <\/p>\n<p class=\"link-more\"><a href=\"https:\/\/www.leckel.de\/de\/devices\/oriflow\/\" class=\"more-link\"><span class=\"screen-reader-text\">\u201eORIFLOW\u201c<\/span> weiterlesen<\/a><\/p>\n","protected":false},"author":1,"featured_media":0,"parent":49,"menu_order":0,"comment_status":"closed","ping_status":"closed","template":"","meta":[],"_links":{"self":[{"href":"https:\/\/www.leckel.de\/de\/wp-json\/wp\/v2\/pages\/199"}],"collection":[{"href":"https:\/\/www.leckel.de\/de\/wp-json\/wp\/v2\/pages"}],"about":[{"href":"https:\/\/www.leckel.de\/de\/wp-json\/wp\/v2\/types\/page"}],"author":[{"embeddable":true,"href":"https:\/\/www.leckel.de\/de\/wp-json\/wp\/v2\/users\/1"}],"replies":[{"embeddable":true,"href":"https:\/\/www.leckel.de\/de\/wp-json\/wp\/v2\/comments?post=199"}],"version-history":[{"count":24,"href":"https:\/\/www.leckel.de\/de\/wp-json\/wp\/v2\/pages\/199\/revisions"}],"predecessor-version":[{"id":1893,"href":"https:\/\/www.leckel.de\/de\/wp-json\/wp\/v2\/pages\/199\/revisions\/1893"}],"up":[{"embeddable":true,"href":"https:\/\/www.leckel.de\/de\/wp-json\/wp\/v2\/pages\/49"}],"wp:attachment":[{"href":"https:\/\/www.leckel.de\/de\/wp-json\/wp\/v2\/media?parent=199"}],"curies":[{"name":"wp","href":"https:\/\/api.w.org\/{rel}","templated":true}]}}