{"id":197,"date":"2019-02-17T19:57:35","date_gmt":"2019-02-17T18:57:35","guid":{"rendered":"http:\/\/www.leckel.de\/www.leckel.de\/?page_id=197"},"modified":"2020-03-29T12:47:35","modified_gmt":"2020-03-29T11:47:35","slug":"seq4750-rv-cd","status":"publish","type":"page","link":"https:\/\/www.leckel.de\/de\/devices\/seq4750-rv-cd\/","title":{"rendered":"SEQ47\/50-RV CD"},"content":{"rendered":"<p><\/p>\n<ul>\n<li><img loading=\"lazy\" class=\"wp-image-539 size-full alignright\" src=\"http:\/\/www.leckel.de\/wp-content\/uploads\/2019\/02\/seq47-50-cd.png\" alt=\"\" width=\"230\" height=\"318\" srcset=\"https:\/\/www.leckel.de\/wp-content\/uploads\/2019\/02\/seq47-50-cd.png 230w, https:\/\/www.leckel.de\/wp-content\/uploads\/2019\/02\/seq47-50-cd-217x300.png 217w\" sizes=\"(max-width: 230px) 100vw, 230px\" \/>PM10 \/ PM2,5 &#8211; Standard-Referenz-Probenahmeger\u00e4t gem\u00e4\u00df<br \/>\nCEN EN 12341<\/li>\n<li>K\u00fchlung des Magazines f\u00fcr bestaubte Filter auf <u>&lt;<\/u> 23 \u00b0C mittels Peltier-K\u00fchlaggregat (bis zu 35 \u00b0C Au\u00dfentemperatur)<\/li>\n<li>Abgedeckte Filter innerhalb des Magazines f\u00fcr bestaubte Filter<\/li>\n<li>Probenahmesystem mit Schutzluft<\/li>\n<li>Temperaturmessung direkt unter dem aktuell bestaubten Filter<\/li>\n<li>Edelstahlgeh\u00e4use f\u00fcr Au\u00dfeneinsatz<\/li>\n<li>Referenz- Probenahmeger\u00e4t f\u00fcr die Messung von Schwermetallen gem\u00e4\u00df VDI 2267 und CEN EN14902<\/li>\n<li>Impaktor-Probenahmekopf mit Scrubber f\u00fcr die Messung von\u00a0 PAK (BaP) gem\u00e4\u00df CEN EN 15549<\/li>\n<li>TSP-Probenahmekopf gem\u00e4\u00df VDI 2463 Bl\u00e4tter 5 und 8<\/li>\n<li>Einsatz von Filtern mit Durchmesser von 47 mm<br \/>\nsowie 47 und 50 mm<\/li>\n<li>Bayern-Hessen-Protokoll<\/li>\n<li>Daten-Logger-Funktion auf USB-Stick<\/li>\n<li>Option: GSM-Modem mit SMS auf smartphone<\/li>\n<li>Option: cloudbox<\/li>\n<li>Option: Fernbedienung\u00a0 <a href=\"http:\/\/www.leckel-cloud.de\">www.leckel-cloud.de<\/a><\/li>\n<\/ul>\n<p><\/p>","protected":false},"excerpt":{"rendered":"<p>PM10 \/ PM2,5 &#8211; Standard-Referenz-Probenahmeger\u00e4t gem\u00e4\u00df CEN EN 12341 K\u00fchlung des Magazines f\u00fcr bestaubte Filter auf &lt; 23 \u00b0C mittels Peltier-K\u00fchlaggregat (bis zu 35 \u00b0C Au\u00dfentemperatur) Abgedeckte Filter innerhalb des Magazines f\u00fcr bestaubte Filter Probenahmesystem mit Schutzluft Temperaturmessung direkt unter dem aktuell bestaubten Filter Edelstahlgeh\u00e4use f\u00fcr Au\u00dfeneinsatz Referenz- Probenahmeger\u00e4t f\u00fcr die Messung von Schwermetallen gem\u00e4\u00df &hellip; <\/p>\n<p class=\"link-more\"><a href=\"https:\/\/www.leckel.de\/de\/devices\/seq4750-rv-cd\/\" class=\"more-link\"><span class=\"screen-reader-text\">\u201eSEQ47\/50-RV CD\u201c<\/span> weiterlesen<\/a><\/p>\n","protected":false},"author":1,"featured_media":0,"parent":49,"menu_order":0,"comment_status":"closed","ping_status":"closed","template":"","meta":[],"_links":{"self":[{"href":"https:\/\/www.leckel.de\/de\/wp-json\/wp\/v2\/pages\/197"}],"collection":[{"href":"https:\/\/www.leckel.de\/de\/wp-json\/wp\/v2\/pages"}],"about":[{"href":"https:\/\/www.leckel.de\/de\/wp-json\/wp\/v2\/types\/page"}],"author":[{"embeddable":true,"href":"https:\/\/www.leckel.de\/de\/wp-json\/wp\/v2\/users\/1"}],"replies":[{"embeddable":true,"href":"https:\/\/www.leckel.de\/de\/wp-json\/wp\/v2\/comments?post=197"}],"version-history":[{"count":63,"href":"https:\/\/www.leckel.de\/de\/wp-json\/wp\/v2\/pages\/197\/revisions"}],"predecessor-version":[{"id":1906,"href":"https:\/\/www.leckel.de\/de\/wp-json\/wp\/v2\/pages\/197\/revisions\/1906"}],"up":[{"embeddable":true,"href":"https:\/\/www.leckel.de\/de\/wp-json\/wp\/v2\/pages\/49"}],"wp:attachment":[{"href":"https:\/\/www.leckel.de\/de\/wp-json\/wp\/v2\/media?parent=197"}],"curies":[{"name":"wp","href":"https:\/\/api.w.org\/{rel}","templated":true}]}}