{"id":188,"date":"2019-02-17T19:57:35","date_gmt":"2019-02-17T18:57:35","guid":{"rendered":"http:\/\/www.leckel.de\/www.leckel.de\/?page_id=188"},"modified":"2020-03-28T20:43:26","modified_gmt":"2020-03-28T19:43:26","slug":"standard-inlet-kfg","status":"publish","type":"page","link":"https:\/\/www.leckel.de\/de\/inlets\/for-lvs3-mvs6\/standard-inlet-kfg\/","title":{"rendered":"STANDARD-PNK KFG"},"content":{"rendered":"<p><\/p>\n<ul>\n<li><img loading=\"lazy\" class=\"alignnone size-medium wp-image-471 alignright\" src=\"http:\/\/www.leckel.de\/wp-content\/uploads\/2019\/02\/tsp-pnk-kfg-200x300.png\" alt=\"\" width=\"200\" height=\"300\" srcset=\"https:\/\/www.leckel.de\/wp-content\/uploads\/2019\/02\/tsp-pnk-kfg-200x300.png 200w, https:\/\/www.leckel.de\/wp-content\/uploads\/2019\/02\/tsp-pnk-kfg.png 207w\" sizes=\"(max-width: 200px) 100vw, 200px\" \/>TSP- Probenahmekopf gem\u00e4\u00df VDI 2463-8<\/li>\n<li>Messen von Ru\u00df (EC\/OC) und Schwermetallen<\/li>\n<li>H\u00e4ngende Position, gebogenes Absaugrohr<\/li>\n<li>Luftdurchsatz: 2,7 &#8211; 3,0 m\u00b3\/h Betriebs -m\u00b3\/h<\/li>\n<li>Filter direkt hinter Ansaug-Konus<\/li>\n<li>Filterkassetten f\u00fcr Filterdurchmesser von<br \/>\n47 mm und 50 mm<\/li>\n<li>Auch geeignet f\u00fcr Probenahmen von organischen<br \/>\nund anorganischen Fasern<\/li>\n<\/ul>\n<p><\/p>","protected":false},"excerpt":{"rendered":"<p>TSP- Probenahmekopf gem\u00e4\u00df VDI 2463-8 Messen von Ru\u00df (EC\/OC) und Schwermetallen H\u00e4ngende Position, gebogenes Absaugrohr Luftdurchsatz: 2,7 &#8211; 3,0 m\u00b3\/h Betriebs -m\u00b3\/h Filter direkt hinter Ansaug-Konus Filterkassetten f\u00fcr Filterdurchmesser von 47 mm und 50 mm Auch geeignet f\u00fcr Probenahmen von organischen und anorganischen Fasern<\/p>\n","protected":false},"author":1,"featured_media":0,"parent":55,"menu_order":0,"comment_status":"closed","ping_status":"closed","template":"","meta":[],"_links":{"self":[{"href":"https:\/\/www.leckel.de\/de\/wp-json\/wp\/v2\/pages\/188"}],"collection":[{"href":"https:\/\/www.leckel.de\/de\/wp-json\/wp\/v2\/pages"}],"about":[{"href":"https:\/\/www.leckel.de\/de\/wp-json\/wp\/v2\/types\/page"}],"author":[{"embeddable":true,"href":"https:\/\/www.leckel.de\/de\/wp-json\/wp\/v2\/users\/1"}],"replies":[{"embeddable":true,"href":"https:\/\/www.leckel.de\/de\/wp-json\/wp\/v2\/comments?post=188"}],"version-history":[{"count":16,"href":"https:\/\/www.leckel.de\/de\/wp-json\/wp\/v2\/pages\/188\/revisions"}],"predecessor-version":[{"id":1884,"href":"https:\/\/www.leckel.de\/de\/wp-json\/wp\/v2\/pages\/188\/revisions\/1884"}],"up":[{"embeddable":true,"href":"https:\/\/www.leckel.de\/de\/wp-json\/wp\/v2\/pages\/55"}],"wp:attachment":[{"href":"https:\/\/www.leckel.de\/de\/wp-json\/wp\/v2\/media?parent=188"}],"curies":[{"name":"wp","href":"https:\/\/api.w.org\/{rel}","templated":true}]}}