{"id":184,"date":"2019-02-17T19:57:35","date_gmt":"2019-02-17T18:57:35","guid":{"rendered":"http:\/\/www.leckel.de\/www.leckel.de\/?page_id=184"},"modified":"2020-03-28T20:42:03","modified_gmt":"2020-03-28T19:42:03","slug":"pmx-pu-inlet-kfg","status":"publish","type":"page","link":"https:\/\/www.leckel.de\/de\/inlets\/for-lvs3-mvs6\/pmx-pu-inlet-kfg\/","title":{"rendered":"PMX-PU-PNK KFG"},"content":{"rendered":"<p><\/p>\n<ul>\n<li><img loading=\"lazy\" class=\"size-medium wp-image-459 alignright\" src=\"http:\/\/www.leckel.de\/wp-content\/uploads\/2019\/02\/pmx-pu-pnk-kfg-200x300.png\" alt=\"\" width=\"200\" height=\"300\" srcset=\"https:\/\/www.leckel.de\/wp-content\/uploads\/2019\/02\/pmx-pu-pnk-kfg-200x300.png 200w, https:\/\/www.leckel.de\/wp-content\/uploads\/2019\/02\/pmx-pu-pnk-kfg.png 207w\" sizes=\"(max-width: 200px) 100vw, 200px\" \/>Referenz-Probenahmesystem f\u00fcr PAK gem\u00e4\u00df Direktive 2004\/107\/EG: PM10- Vorimpaktor (CEN EN 12341) und angeschlossener PU-Kartusche (mit Vorfilter)<\/li>\n<li>Einsatz von PM2,5- und PM1,0 Vorimpaktoren m\u00f6glich<\/li>\n<li>Luftdurchsatz 2,3 Betriebs- m\u00b3\/h (auch 1,0 m\u00b3\/h m\u00f6glich)<\/li>\n<li>Filterkassetten f\u00fcr Filterdurchmesser von\u00a0 47 mm und 50 mm<\/li>\n<li>2 &#8211; 3 PU-Schaumstoff-St\u00fccke mit 45 mm Durchmesser und<br \/>\n50 mm H\u00f6he<\/li>\n<\/ul>\n<p><\/p>","protected":false},"excerpt":{"rendered":"<p>Referenz-Probenahmesystem f\u00fcr PAK gem\u00e4\u00df Direktive 2004\/107\/EG: PM10- Vorimpaktor (CEN EN 12341) und angeschlossener PU-Kartusche (mit Vorfilter) Einsatz von PM2,5- und PM1,0 Vorimpaktoren m\u00f6glich Luftdurchsatz 2,3 Betriebs- m\u00b3\/h (auch 1,0 m\u00b3\/h m\u00f6glich) Filterkassetten f\u00fcr Filterdurchmesser von\u00a0 47 mm und 50 mm 2 &#8211; 3 PU-Schaumstoff-St\u00fccke mit 45 mm Durchmesser und 50 mm H\u00f6he<\/p>\n","protected":false},"author":1,"featured_media":0,"parent":55,"menu_order":0,"comment_status":"closed","ping_status":"closed","template":"","meta":[],"_links":{"self":[{"href":"https:\/\/www.leckel.de\/de\/wp-json\/wp\/v2\/pages\/184"}],"collection":[{"href":"https:\/\/www.leckel.de\/de\/wp-json\/wp\/v2\/pages"}],"about":[{"href":"https:\/\/www.leckel.de\/de\/wp-json\/wp\/v2\/types\/page"}],"author":[{"embeddable":true,"href":"https:\/\/www.leckel.de\/de\/wp-json\/wp\/v2\/users\/1"}],"replies":[{"embeddable":true,"href":"https:\/\/www.leckel.de\/de\/wp-json\/wp\/v2\/comments?post=184"}],"version-history":[{"count":23,"href":"https:\/\/www.leckel.de\/de\/wp-json\/wp\/v2\/pages\/184\/revisions"}],"predecessor-version":[{"id":1881,"href":"https:\/\/www.leckel.de\/de\/wp-json\/wp\/v2\/pages\/184\/revisions\/1881"}],"up":[{"embeddable":true,"href":"https:\/\/www.leckel.de\/de\/wp-json\/wp\/v2\/pages\/55"}],"wp:attachment":[{"href":"https:\/\/www.leckel.de\/de\/wp-json\/wp\/v2\/media?parent=184"}],"curies":[{"name":"wp","href":"https:\/\/api.w.org\/{rel}","templated":true}]}}