{"id":176,"date":"2019-02-16T19:00:29","date_gmt":"2019-02-16T18:00:29","guid":{"rendered":"http:\/\/www.leckel.de\/www.leckel.de\/?page_id=176"},"modified":"2020-03-28T20:46:08","modified_gmt":"2020-03-28T19:46:08","slug":"lvs3b","status":"publish","type":"page","link":"https:\/\/www.leckel.de\/de\/devices\/lvs3b\/","title":{"rendered":"LVS6-RV"},"content":{"rendered":"<p><\/p>\n<ul>\n<li><img loading=\"lazy\" class=\"size-medium wp-image-519 alignright\" src=\"http:\/\/www.leckel.de\/wp-content\/uploads\/2019\/02\/lvs3-200x300.png\" alt=\"\" width=\"200\" height=\"300\" srcset=\"https:\/\/www.leckel.de\/wp-content\/uploads\/2019\/02\/lvs3-200x300.png 200w, https:\/\/www.leckel.de\/wp-content\/uploads\/2019\/02\/lvs3.png 207w\" sizes=\"(max-width: 200px) 100vw, 200px\" \/> PM10\/PM2,5 &#8211; Standard-Referenz-Probenahmeger\u00e4t gem\u00e4\u00df<br \/>\nCEN EN 12341<\/li>\n<li>Referenz- Probenahmeger\u00e4t f\u00fcr Ru\u00df (EC\/OC)-Messungen in der PM10-Fraktion gem\u00e4\u00df VDI 2465 und CEN EN\/TR 16243<\/li>\n<li>TSP &#8211; Messung gem\u00e4\u00df VDI 2463 Bl\u00e4tter 7 und 8<\/li>\n<li>Referenz-Probenahmeger\u00e4t f\u00fcr die Messung von Schwermetallen gem\u00e4\u00df VDI 2267 und CEN EN 14902<\/li>\n<li>Messungen von PAK, PCB, PCP\/Lindan, PCDD und PCDF, Dioxinen und Furanen mit Hilfe einer PU-Kartusche mit Vorfilter (TSP) gem\u00e4\u00df der einschl\u00e4gigen Richtlinien<\/li>\n<li>Messungen von PAK\/BaP mit Hilfe eines PM10-Probenahmekopfes und angeschlossener PU-Kartusche (und Scrubber) gem\u00e4\u00df der einschl\u00e4gigen Richtlinien<\/li>\n<li>Messung von Bioaerosolen gem\u00e4\u00df der einschl\u00e4gigen Richtlinien<\/li>\n<li>Messungen von Fasern mit Hilfe des TSP-Probenahmekopfes<\/li>\n<li>Daten-Logger-Funktion auf USB-Stick<\/li>\n<li>Bayern &#8211; Hessen &#8211; Protokoll auf Anfrage<\/li>\n<li>Edelstahlgeh\u00e4use f\u00fcr Au\u00dfeneinsatz<\/li>\n<li>Externe Anordnung der Probenahmek\u00f6pfe m\u00f6glich<\/li>\n<\/ul>\n<p><\/p>","protected":false},"excerpt":{"rendered":"<p>PM10\/PM2,5 &#8211; Standard-Referenz-Probenahmeger\u00e4t gem\u00e4\u00df CEN EN 12341 Referenz- Probenahmeger\u00e4t f\u00fcr Ru\u00df (EC\/OC)-Messungen in der PM10-Fraktion gem\u00e4\u00df VDI 2465 und CEN EN\/TR 16243 TSP &#8211; Messung gem\u00e4\u00df VDI 2463 Bl\u00e4tter 7 und 8 Referenz-Probenahmeger\u00e4t f\u00fcr die Messung von Schwermetallen gem\u00e4\u00df VDI 2267 und CEN EN 14902 Messungen von PAK, PCB, PCP\/Lindan, PCDD und PCDF, Dioxinen und &hellip; <\/p>\n<p class=\"link-more\"><a href=\"https:\/\/www.leckel.de\/de\/devices\/lvs3b\/\" class=\"more-link\"><span class=\"screen-reader-text\">\u201eLVS6-RV\u201c<\/span> weiterlesen<\/a><\/p>\n","protected":false},"author":1,"featured_media":0,"parent":49,"menu_order":0,"comment_status":"closed","ping_status":"closed","template":"","meta":[],"_links":{"self":[{"href":"https:\/\/www.leckel.de\/de\/wp-json\/wp\/v2\/pages\/176"}],"collection":[{"href":"https:\/\/www.leckel.de\/de\/wp-json\/wp\/v2\/pages"}],"about":[{"href":"https:\/\/www.leckel.de\/de\/wp-json\/wp\/v2\/types\/page"}],"author":[{"embeddable":true,"href":"https:\/\/www.leckel.de\/de\/wp-json\/wp\/v2\/users\/1"}],"replies":[{"embeddable":true,"href":"https:\/\/www.leckel.de\/de\/wp-json\/wp\/v2\/comments?post=176"}],"version-history":[{"count":81,"href":"https:\/\/www.leckel.de\/de\/wp-json\/wp\/v2\/pages\/176\/revisions"}],"predecessor-version":[{"id":1891,"href":"https:\/\/www.leckel.de\/de\/wp-json\/wp\/v2\/pages\/176\/revisions\/1891"}],"up":[{"embeddable":true,"href":"https:\/\/www.leckel.de\/de\/wp-json\/wp\/v2\/pages\/49"}],"wp:attachment":[{"href":"https:\/\/www.leckel.de\/de\/wp-json\/wp\/v2\/media?parent=176"}],"curies":[{"name":"wp","href":"https:\/\/api.w.org\/{rel}","templated":true}]}}