{"id":168,"date":"2017-09-27T19:48:45","date_gmt":"2017-09-27T18:48:45","guid":{"rendered":"http:\/\/www.leckel.de\/www.leckel.de\/?page_id=168"},"modified":"2020-03-23T14:02:10","modified_gmt":"2020-03-23T13:02:10","slug":"cloud","status":"publish","type":"page","link":"https:\/\/www.leckel.de\/de\/cloud\/","title":{"rendered":"Cloud"},"content":{"rendered":"<p>Wir halten f\u00fcr Sie viele M\u00f6glichkeiten bereit, die Messdaten und den Status Ihrer Staubsammelger\u00e4te zu erfassen: Angefangen von einfachen Status Meldungen<br \/>\nper GSM Modem, Bayern Hessen Protokoll bis zur cloud basierten Datenerfassung<br \/>\nmit Fernsteuerung unter <a href=\"http:\/\/www.leckel-cloud.de\">www.leckel-cloud.de<\/a>.<\/p>","protected":false},"excerpt":{"rendered":"<p>Wir halten f\u00fcr Sie viele M\u00f6glichkeiten bereit, die Messdaten und den Status Ihrer Staubsammelger\u00e4te zu erfassen: Angefangen von einfachen Status Meldungen per GSM Modem, Bayern Hessen Protokoll bis zur cloud basierten Datenerfassung mit Fernsteuerung unter www.leckel-cloud.de.<\/p>\n","protected":false},"author":1,"featured_media":0,"parent":0,"menu_order":0,"comment_status":"closed","ping_status":"closed","template":"","meta":[],"_links":{"self":[{"href":"https:\/\/www.leckel.de\/de\/wp-json\/wp\/v2\/pages\/168"}],"collection":[{"href":"https:\/\/www.leckel.de\/de\/wp-json\/wp\/v2\/pages"}],"about":[{"href":"https:\/\/www.leckel.de\/de\/wp-json\/wp\/v2\/types\/page"}],"author":[{"embeddable":true,"href":"https:\/\/www.leckel.de\/de\/wp-json\/wp\/v2\/users\/1"}],"replies":[{"embeddable":true,"href":"https:\/\/www.leckel.de\/de\/wp-json\/wp\/v2\/comments?post=168"}],"version-history":[{"count":12,"href":"https:\/\/www.leckel.de\/de\/wp-json\/wp\/v2\/pages\/168\/revisions"}],"predecessor-version":[{"id":1815,"href":"https:\/\/www.leckel.de\/de\/wp-json\/wp\/v2\/pages\/168\/revisions\/1815"}],"wp:attachment":[{"href":"https:\/\/www.leckel.de\/de\/wp-json\/wp\/v2\/media?parent=168"}],"curies":[{"name":"wp","href":"https:\/\/api.w.org\/{rel}","templated":true}]}}