{"id":16,"date":"2017-09-23T20:42:16","date_gmt":"2017-09-23T20:42:16","guid":{"rendered":"http:\/\/www.leckel.de\/www.leckel.de\/?page_id=16"},"modified":"2020-03-23T14:13:03","modified_gmt":"2020-03-23T13:13:03","slug":"home","status":"publish","type":"page","link":"https:\/\/www.leckel.de\/de\/","title":{"rendered":"Home"},"content":{"rendered":"<p>Wir entwickeln und stellen Sammelger\u00e4te und Probenahmek\u00f6pfe f\u00fcr TSPM,\u00a0 PM10, PM4,0 , PM2,5 , PM1,0 sowie alle Staubinhaltsstoffe in der Au\u00dfenluft und der Innenraumluft her.<\/p>\n<p>Unsere Ger\u00e4te erf\u00fcllen alle aktuellen wissenschaftlichen und gesetzlichen Forderungen an die Aerosol-Messtechnik.<\/p>\n<p>Unser Filterwechsler SEQ47\/50 nahm erfolgreich an der europ\u00e4ischen<br \/>\nPM2,5 &#8211; Testprozedur wie auch an allen weiteren europ\u00e4ischen Vergleichsmessprogrammen teil. Die Ergebnisse dieser Feldtestprogramme ergaben, dass das SEQ47\/50-Ger\u00e4t alle Anforderungen f\u00fcr ein europ\u00e4isches Standard-Referenz-Probenahmeger\u00e4t erf\u00fcllt. Die wesentlichen Merkmale des in der aktuellen CEN EN 12341 beschriebenen PM2,5\/PM10 Standard-Referenz-Probenahmeger\u00e4tes sind von dem SEQ47\/50-Ger\u00e4t \u00fcbernommen worden.<\/p>\n<p>Somit entspricht der Filterwechsler SEQ47\/50 mit PM2,5- bzw. PM10 Probenahmekopf vollst\u00e4ndig dem europ\u00e4ischen PM2,5\/PM10-Standard-Referenz-Ger\u00e4t gem\u00e4\u00df CEN EN 12341.<\/p>\n<p>Unser Einzelfilter-Probenahmeger\u00e4t LVS6 (Kleinfilterger\u00e4t) mit PM2,5 bzw. PM10-Probenahmekopf basiert auf denselben Konstruktionsprinzipien wie der Filterwechsler SEQ 47\/50 und erf\u00fcllt somit in gleicher Weise die Bedingungen der<br \/>\nCEN EN 12341.<\/p>","protected":false},"excerpt":{"rendered":"<p>Wir entwickeln und stellen Sammelger\u00e4te und Probenahmek\u00f6pfe f\u00fcr TSPM,\u00a0 PM10, PM4,0 , PM2,5 , PM1,0 sowie alle Staubinhaltsstoffe in der Au\u00dfenluft und der Innenraumluft her. Unsere Ger\u00e4te erf\u00fcllen alle aktuellen wissenschaftlichen und gesetzlichen Forderungen an die Aerosol-Messtechnik. Unser Filterwechsler SEQ47\/50 nahm erfolgreich an der europ\u00e4ischen PM2,5 &#8211; Testprozedur wie auch an allen weiteren europ\u00e4ischen Vergleichsmessprogrammen &hellip; <\/p>\n<p class=\"link-more\"><a href=\"https:\/\/www.leckel.de\/de\/\" class=\"more-link\"><span class=\"screen-reader-text\">\u201eHome\u201c<\/span> weiterlesen<\/a><\/p>\n","protected":false},"author":1,"featured_media":0,"parent":0,"menu_order":0,"comment_status":"closed","ping_status":"closed","template":"","meta":[],"_links":{"self":[{"href":"https:\/\/www.leckel.de\/de\/wp-json\/wp\/v2\/pages\/16"}],"collection":[{"href":"https:\/\/www.leckel.de\/de\/wp-json\/wp\/v2\/pages"}],"about":[{"href":"https:\/\/www.leckel.de\/de\/wp-json\/wp\/v2\/types\/page"}],"author":[{"embeddable":true,"href":"https:\/\/www.leckel.de\/de\/wp-json\/wp\/v2\/users\/1"}],"replies":[{"embeddable":true,"href":"https:\/\/www.leckel.de\/de\/wp-json\/wp\/v2\/comments?post=16"}],"version-history":[{"count":49,"href":"https:\/\/www.leckel.de\/de\/wp-json\/wp\/v2\/pages\/16\/revisions"}],"predecessor-version":[{"id":1830,"href":"https:\/\/www.leckel.de\/de\/wp-json\/wp\/v2\/pages\/16\/revisions\/1830"}],"wp:attachment":[{"href":"https:\/\/www.leckel.de\/de\/wp-json\/wp\/v2\/media?parent=16"}],"curies":[{"name":"wp","href":"https:\/\/api.w.org\/{rel}","templated":true}]}}