{"id":1040,"date":"2019-06-06T16:27:10","date_gmt":"2019-06-06T15:27:10","guid":{"rendered":"http:\/\/www.leckel.de\/www.leckel.de\/?page_id=1040"},"modified":"2020-09-07T14:44:16","modified_gmt":"2020-09-07T13:44:16","slug":"adapter-for-calibration","status":"publish","type":"page","link":"https:\/\/www.leckel.de\/de\/adapter-for-calibration\/","title":{"rendered":"Kalibrieradapter"},"content":{"rendered":"<p><img loading=\"lazy\" class=\"wp-image-1039 alignright\" src=\"https:\/\/www.leckel.de\/wp-content\/uploads\/2019\/06\/Kalibrieradapter-e1559834903829.jpg\" alt=\"\" width=\"274\" height=\"365\" \/><span style=\"font-size: 1rem;\">Der Kalibrieradapter wird auf das Probenahmerohr des SEQ-Ger\u00e4tes gesteckt. \u00dcber einen 9 mm-Silikonschlauch kann ein Referenz-Durchflussmessger\u00e4t angeschlossen werden.<\/span><\/p>","protected":false},"excerpt":{"rendered":"<p>Der Kalibrieradapter wird auf das Probenahmerohr des SEQ-Ger\u00e4tes gesteckt. \u00dcber einen 9 mm-Silikonschlauch kann ein Referenz-Durchflussmessger\u00e4t angeschlossen werden.<\/p>\n","protected":false},"author":1,"featured_media":0,"parent":0,"menu_order":0,"comment_status":"closed","ping_status":"closed","template":"","meta":[],"_links":{"self":[{"href":"https:\/\/www.leckel.de\/de\/wp-json\/wp\/v2\/pages\/1040"}],"collection":[{"href":"https:\/\/www.leckel.de\/de\/wp-json\/wp\/v2\/pages"}],"about":[{"href":"https:\/\/www.leckel.de\/de\/wp-json\/wp\/v2\/types\/page"}],"author":[{"embeddable":true,"href":"https:\/\/www.leckel.de\/de\/wp-json\/wp\/v2\/users\/1"}],"replies":[{"embeddable":true,"href":"https:\/\/www.leckel.de\/de\/wp-json\/wp\/v2\/comments?post=1040"}],"version-history":[{"count":12,"href":"https:\/\/www.leckel.de\/de\/wp-json\/wp\/v2\/pages\/1040\/revisions"}],"predecessor-version":[{"id":1938,"href":"https:\/\/www.leckel.de\/de\/wp-json\/wp\/v2\/pages\/1040\/revisions\/1938"}],"wp:attachment":[{"href":"https:\/\/www.leckel.de\/de\/wp-json\/wp\/v2\/media?parent=1040"}],"curies":[{"name":"wp","href":"https:\/\/api.w.org\/{rel}","templated":true}]}}