{"id":1032,"date":"2019-06-06T15:56:47","date_gmt":"2019-06-06T14:56:47","guid":{"rendered":"http:\/\/www.leckel.de\/www.leckel.de\/?page_id=1032"},"modified":"2020-09-07T14:44:09","modified_gmt":"2020-09-07T13:44:09","slug":"filter-holder","status":"publish","type":"page","link":"https:\/\/www.leckel.de\/de\/filter-holder\/","title":{"rendered":"Filterhalter"},"content":{"rendered":"<p><img loading=\"lazy\" class=\"wp-image-1034 alignright\" src=\"https:\/\/www.leckel.de\/wp-content\/uploads\/2019\/06\/Filterhalter-e1559833270160.jpg\" alt=\"\" width=\"274\" height=\"365\" \/>Die Filterhalter sind hochpr\u00e4zise POM Dreh- und Fr\u00e4steile. Das herausnehmbare St\u00fctzsieb beseht aus V4A (1.4404). Jeder Filterhalter wird einem automatischen Dichtigkeitstest unterzogen. Die Filterhalter sind f\u00fcr Filter mit 47mm bzw. 50mm Durchmesser ausgelegt. Sie k\u00f6nnen auch in \u00e4lteren SEQ-Ger\u00e4ten eingesetzt werden.<\/p>","protected":false},"excerpt":{"rendered":"<p>Die Filterhalter sind hochpr\u00e4zise POM Dreh- und Fr\u00e4steile. Das herausnehmbare St\u00fctzsieb beseht aus V4A (1.4404). Jeder Filterhalter wird einem automatischen Dichtigkeitstest unterzogen. Die Filterhalter sind f\u00fcr Filter mit 47mm bzw. 50mm Durchmesser ausgelegt. Sie k\u00f6nnen auch in \u00e4lteren SEQ-Ger\u00e4ten eingesetzt werden.<\/p>\n","protected":false},"author":1,"featured_media":0,"parent":0,"menu_order":0,"comment_status":"closed","ping_status":"closed","template":"","meta":[],"_links":{"self":[{"href":"https:\/\/www.leckel.de\/de\/wp-json\/wp\/v2\/pages\/1032"}],"collection":[{"href":"https:\/\/www.leckel.de\/de\/wp-json\/wp\/v2\/pages"}],"about":[{"href":"https:\/\/www.leckel.de\/de\/wp-json\/wp\/v2\/types\/page"}],"author":[{"embeddable":true,"href":"https:\/\/www.leckel.de\/de\/wp-json\/wp\/v2\/users\/1"}],"replies":[{"embeddable":true,"href":"https:\/\/www.leckel.de\/de\/wp-json\/wp\/v2\/comments?post=1032"}],"version-history":[{"count":17,"href":"https:\/\/www.leckel.de\/de\/wp-json\/wp\/v2\/pages\/1032\/revisions"}],"predecessor-version":[{"id":1937,"href":"https:\/\/www.leckel.de\/de\/wp-json\/wp\/v2\/pages\/1032\/revisions\/1937"}],"wp:attachment":[{"href":"https:\/\/www.leckel.de\/de\/wp-json\/wp\/v2\/media?parent=1032"}],"curies":[{"name":"wp","href":"https:\/\/api.w.org\/{rel}","templated":true}]}}