{"id":1024,"date":"2019-06-06T15:35:18","date_gmt":"2019-06-06T14:35:18","guid":{"rendered":"http:\/\/www.leckel.de\/www.leckel.de\/?page_id=1024"},"modified":"2020-09-07T14:43:27","modified_gmt":"2020-09-07T13:43:27","slug":"internal-filter","status":"publish","type":"page","link":"https:\/\/www.leckel.de\/de\/internal-filter\/","title":{"rendered":"Vorfilter"},"content":{"rendered":"<p><img loading=\"lazy\" class=\"wp-image-1026 alignright\" src=\"https:\/\/www.leckel.de\/wp-content\/uploads\/2019\/06\/Vorfilter.jpg\" alt=\"\" width=\"274\" height=\"365\" \/><span style=\"font-size: 1rem;\">Das Vorfilter in der Pumpe dient als zus\u00e4tzlicher Schutz des Pumpengeh\u00e4uses vor Verunreinigungen, die zwischen die rotierenden Kohleschieber gelangen k\u00f6nnten. Es sollte zusammen mit den Kohleschieber gewechselt bzw. mit Pressluft gereinigt werden.<\/span><\/p>","protected":false},"excerpt":{"rendered":"<p>Das Vorfilter in der Pumpe dient als zus\u00e4tzlicher Schutz des Pumpengeh\u00e4uses vor Verunreinigungen, die zwischen die rotierenden Kohleschieber gelangen k\u00f6nnten. Es sollte zusammen mit den Kohleschieber gewechselt bzw. mit Pressluft gereinigt werden.<\/p>\n","protected":false},"author":1,"featured_media":0,"parent":0,"menu_order":0,"comment_status":"closed","ping_status":"closed","template":"","meta":[],"_links":{"self":[{"href":"https:\/\/www.leckel.de\/de\/wp-json\/wp\/v2\/pages\/1024"}],"collection":[{"href":"https:\/\/www.leckel.de\/de\/wp-json\/wp\/v2\/pages"}],"about":[{"href":"https:\/\/www.leckel.de\/de\/wp-json\/wp\/v2\/types\/page"}],"author":[{"embeddable":true,"href":"https:\/\/www.leckel.de\/de\/wp-json\/wp\/v2\/users\/1"}],"replies":[{"embeddable":true,"href":"https:\/\/www.leckel.de\/de\/wp-json\/wp\/v2\/comments?post=1024"}],"version-history":[{"count":20,"href":"https:\/\/www.leckel.de\/de\/wp-json\/wp\/v2\/pages\/1024\/revisions"}],"predecessor-version":[{"id":1933,"href":"https:\/\/www.leckel.de\/de\/wp-json\/wp\/v2\/pages\/1024\/revisions\/1933"}],"wp:attachment":[{"href":"https:\/\/www.leckel.de\/de\/wp-json\/wp\/v2\/media?parent=1024"}],"curies":[{"name":"wp","href":"https:\/\/api.w.org\/{rel}","templated":true}]}}