{"id":1017,"date":"2019-06-06T15:22:32","date_gmt":"2019-06-06T14:22:32","guid":{"rendered":"http:\/\/www.leckel.de\/www.leckel.de\/?page_id=1017"},"modified":"2020-09-07T14:43:52","modified_gmt":"2020-09-07T13:43:52","slug":"magazine-for-blank-filters","status":"publish","type":"page","link":"https:\/\/www.leckel.de\/de\/magazine-for-blank-filters\/","title":{"rendered":"Einlassmagazin"},"content":{"rendered":"<p><img loading=\"lazy\" class=\"wp-image-979 alignright\" src=\"https:\/\/www.leckel.de\/wp-content\/uploads\/2019\/06\/Einlassmagazin-e1559831029359.jpg\" alt=\"\" width=\"274\" height=\"365\" \/><span style=\"font-size: 1rem;\">Das Einlassmagazin kann bis zu 18 Filterhalter aufnehmen. Der Verdrehschutz im Ger\u00e4t garantiert die richtige Positionierung. Eine Kompatibilit\u00e4t zu \u00e4lteren SEQ-Ger\u00e4ten ist gegeben.<\/span><\/p>","protected":false},"excerpt":{"rendered":"<p>Das Einlassmagazin kann bis zu 18 Filterhalter aufnehmen. Der Verdrehschutz im Ger\u00e4t garantiert die richtige Positionierung. Eine Kompatibilit\u00e4t zu \u00e4lteren SEQ-Ger\u00e4ten ist gegeben.<\/p>\n","protected":false},"author":1,"featured_media":0,"parent":0,"menu_order":0,"comment_status":"closed","ping_status":"closed","template":"","meta":[],"_links":{"self":[{"href":"https:\/\/www.leckel.de\/de\/wp-json\/wp\/v2\/pages\/1017"}],"collection":[{"href":"https:\/\/www.leckel.de\/de\/wp-json\/wp\/v2\/pages"}],"about":[{"href":"https:\/\/www.leckel.de\/de\/wp-json\/wp\/v2\/types\/page"}],"author":[{"embeddable":true,"href":"https:\/\/www.leckel.de\/de\/wp-json\/wp\/v2\/users\/1"}],"replies":[{"embeddable":true,"href":"https:\/\/www.leckel.de\/de\/wp-json\/wp\/v2\/comments?post=1017"}],"version-history":[{"count":16,"href":"https:\/\/www.leckel.de\/de\/wp-json\/wp\/v2\/pages\/1017\/revisions"}],"predecessor-version":[{"id":1934,"href":"https:\/\/www.leckel.de\/de\/wp-json\/wp\/v2\/pages\/1017\/revisions\/1934"}],"wp:attachment":[{"href":"https:\/\/www.leckel.de\/de\/wp-json\/wp\/v2\/media?parent=1017"}],"curies":[{"name":"wp","href":"https:\/\/api.w.org\/{rel}","templated":true}]}}