{"id":1010,"date":"2019-06-06T15:13:43","date_gmt":"2019-06-06T14:13:43","guid":{"rendered":"http:\/\/www.leckel.de\/www.leckel.de\/?page_id=1010"},"modified":"2020-09-07T14:44:03","modified_gmt":"2020-09-07T13:44:03","slug":"auslassmagazin","status":"publish","type":"page","link":"https:\/\/www.leckel.de\/de\/auslassmagazin\/","title":{"rendered":"Auslassmagazin"},"content":{"rendered":"<p><img loading=\"lazy\" class=\"wp-image-980 alignright\" src=\"https:\/\/www.leckel.de\/wp-content\/uploads\/2019\/06\/Auslassmagazin.jpg\" alt=\"\" width=\"274\" height=\"365\" \/><span style=\"font-size: 1rem;\">Dieses Auslassmagazin (nicht gek\u00fchlt) kann bis zu 17 Filterhalter aufnehmen. Zus\u00e4tzlich kann ein weiterer Filterhalter zur Blindwertbestimmung eingelegt werden. Eine Kompatibilit\u00e4t zu \u00e4lteren SEQ-Ger\u00e4ten ist gegeben.\u00a0<\/span><\/p>","protected":false},"excerpt":{"rendered":"<p>Dieses Auslassmagazin (nicht gek\u00fchlt) kann bis zu 17 Filterhalter aufnehmen. Zus\u00e4tzlich kann ein weiterer Filterhalter zur Blindwertbestimmung eingelegt werden. Eine Kompatibilit\u00e4t zu \u00e4lteren SEQ-Ger\u00e4ten ist gegeben.\u00a0<\/p>\n","protected":false},"author":1,"featured_media":0,"parent":0,"menu_order":0,"comment_status":"closed","ping_status":"closed","template":"","meta":[],"_links":{"self":[{"href":"https:\/\/www.leckel.de\/de\/wp-json\/wp\/v2\/pages\/1010"}],"collection":[{"href":"https:\/\/www.leckel.de\/de\/wp-json\/wp\/v2\/pages"}],"about":[{"href":"https:\/\/www.leckel.de\/de\/wp-json\/wp\/v2\/types\/page"}],"author":[{"embeddable":true,"href":"https:\/\/www.leckel.de\/de\/wp-json\/wp\/v2\/users\/1"}],"replies":[{"embeddable":true,"href":"https:\/\/www.leckel.de\/de\/wp-json\/wp\/v2\/comments?post=1010"}],"version-history":[{"count":17,"href":"https:\/\/www.leckel.de\/de\/wp-json\/wp\/v2\/pages\/1010\/revisions"}],"predecessor-version":[{"id":1936,"href":"https:\/\/www.leckel.de\/de\/wp-json\/wp\/v2\/pages\/1010\/revisions\/1936"}],"wp:attachment":[{"href":"https:\/\/www.leckel.de\/de\/wp-json\/wp\/v2\/media?parent=1010"}],"curies":[{"name":"wp","href":"https:\/\/api.w.org\/{rel}","templated":true}]}}