{"id":1001,"date":"2019-06-06T14:58:29","date_gmt":"2019-06-06T13:58:29","guid":{"rendered":"http:\/\/www.leckel.de\/www.leckel.de\/?page_id=1001"},"modified":"2020-09-07T14:43:58","modified_gmt":"2020-09-07T13:43:58","slug":"magazine-cooled","status":"publish","type":"page","link":"https:\/\/www.leckel.de\/de\/magazine-cooled\/","title":{"rendered":"Auslassmagazin gek\u00fchlt"},"content":{"rendered":"<p><img loading=\"lazy\" class=\"wp-image-981 alignright\" src=\"https:\/\/www.leckel.de\/wp-content\/uploads\/2019\/06\/Auslassmagazin-K\u00fchlung-e1559829953916.jpg\" alt=\"\" width=\"274\" height=\"366\" \/>Das Auslassmagazin kann bis zu 17 Filterhalter aufnehmen. Zus\u00e4tzlich kann ein weiterer Filterhalter zur Blindwertbestimmung eingelegt werden. Eine Kompatibilit\u00e4t zu \u00e4lteren SEQ-Ger\u00e4ten ist gegeben.<\/p>","protected":false},"excerpt":{"rendered":"<p>Das Auslassmagazin kann bis zu 17 Filterhalter aufnehmen. Zus\u00e4tzlich kann ein weiterer Filterhalter zur Blindwertbestimmung eingelegt werden. Eine Kompatibilit\u00e4t zu \u00e4lteren SEQ-Ger\u00e4ten ist gegeben.<\/p>\n","protected":false},"author":1,"featured_media":0,"parent":0,"menu_order":0,"comment_status":"closed","ping_status":"closed","template":"","meta":[],"_links":{"self":[{"href":"https:\/\/www.leckel.de\/de\/wp-json\/wp\/v2\/pages\/1001"}],"collection":[{"href":"https:\/\/www.leckel.de\/de\/wp-json\/wp\/v2\/pages"}],"about":[{"href":"https:\/\/www.leckel.de\/de\/wp-json\/wp\/v2\/types\/page"}],"author":[{"embeddable":true,"href":"https:\/\/www.leckel.de\/de\/wp-json\/wp\/v2\/users\/1"}],"replies":[{"embeddable":true,"href":"https:\/\/www.leckel.de\/de\/wp-json\/wp\/v2\/comments?post=1001"}],"version-history":[{"count":18,"href":"https:\/\/www.leckel.de\/de\/wp-json\/wp\/v2\/pages\/1001\/revisions"}],"predecessor-version":[{"id":1935,"href":"https:\/\/www.leckel.de\/de\/wp-json\/wp\/v2\/pages\/1001\/revisions\/1935"}],"wp:attachment":[{"href":"https:\/\/www.leckel.de\/de\/wp-json\/wp\/v2\/media?parent=1001"}],"curies":[{"name":"wp","href":"https:\/\/api.w.org\/{rel}","templated":true}]}}